{"id":1113,"date":"2017-01-28T19:21:31","date_gmt":"2017-01-28T18:21:31","guid":{"rendered":"http:\/\/www.sorrenc.com\/works-new-stone\/"},"modified":"2021-06-04T10:14:42","modified_gmt":"2021-06-04T09:14:42","slug":"trabajos-con-piedra-nueva","status":"publish","type":"page","link":"https:\/\/www.sorrenc.com\/es\/servicios\/trabajos-con-piedra-nueva\/","title":{"rendered":"Trabajos con piedra nueva"},"content":{"rendered":"<p><div class=\"fusion-bg-parallax\" data-bg-align=\"center bottom\" data-direction=\"up\" data-mute=\"false\" data-opacity=\"100\" data-velocity=\"-0.3\" data-mobile-enabled=\"false\" data-break_parents=\"0\" data-bg-image=\"http:\/\/www.sorrenc.com\/wp-content\/uploads\/2017\/01\/obra_nova-1024x683.jpg\" data-bg-repeat=\"false\" ><\/div><div class=\"fusion-fullwidth fullwidth-box fusion-builder-row-1 fusion-parallax-up nonhundred-percent-fullwidth non-hundred-percent-height-scrolling\" style=\"--awb-background-position:center bottom;--awb-border-sizes-top:0px;--awb-border-sizes-bottom:0px;--awb-border-sizes-left:0px;--awb-border-sizes-right:0px;--awb-border-radius-top-left:0px;--awb-border-radius-top-right:0px;--awb-border-radius-bottom-right:0px;--awb-border-radius-bottom-left:0px;--awb-padding-top:130px;--awb-padding-bottom:60px;--awb-background-image:url(&quot;http:\/\/www.sorrenc.com\/wp-content\/uploads\/2017\/01\/obra_nova-1024x683.jpg&quot;);--awb-background-size:cover;--awb-flex-wrap:wrap;\" ><div class=\"fusion-builder-row fusion-row\"><div class=\"fusion-layout-column fusion_builder_column fusion-builder-column-0 fusion_builder_column_1_1 1_1 fusion-one-full fusion-column-first fusion-column-last\" style=\"--awb-bg-size:cover;\"><div class=\"fusion-column-wrapper fusion-flex-column-wrapper-legacy\"><div class=\"fusion-text fusion-text-1\"><h2 style=\"text-align: center;\"><span style=\"color: #ffffff;\">Obra con piedra nueva<\/span><\/h2>\n<p style=\"text-align: center;\"><span style=\"color: #ffffff; font-size: 20px;\"><strong>Chimeneas, escaleras, coronamientos de piscinas, paredes, bodegas&#8230;<\/strong><br \/>\nConstruimos todo tipo de elementos con el material adecuado para cada uno<\/span><\/p>\n<\/div><div class=\"fusion-sep-clear\"><\/div><div class=\"fusion-separator fusion-full-width-sep\" style=\"margin-left: auto;margin-right: auto;margin-top:20px;width:100%;\"><\/div><div class=\"fusion-sep-clear\"><\/div><div class=\"fusion-clearfix\"><\/div><\/div><\/div><\/div><\/div><div class=\"fusion-fullwidth fullwidth-box fusion-builder-row-2 nonhundred-percent-fullwidth non-hundred-percent-height-scrolling\" style=\"--awb-background-position:left top;--awb-border-sizes-top:0px;--awb-border-sizes-bottom:0px;--awb-border-sizes-left:0px;--awb-border-sizes-right:0px;--awb-border-radius-top-left:0px;--awb-border-radius-top-right:0px;--awb-border-radius-bottom-right:0px;--awb-border-radius-bottom-left:0px;--awb-padding-top:40px;--awb-padding-bottom:130px;--awb-flex-wrap:wrap;\" ><div class=\"fusion-builder-row fusion-row\"><div class=\"fusion-layout-column fusion_builder_column fusion-builder-column-1 fusion_builder_column_2_3 2_3 fusion-two-third fusion-column-first\" style=\"--awb-bg-size:cover;width:65.3333%; margin-right: 4%;\"><div class=\"fusion-column-wrapper fusion-flex-column-wrapper-legacy\"><div class=\"fusion-text fusion-text-2\"><h2>Tipos de edificios de piedra<\/h2>\n<\/div><div class=\"fusion-sep-clear\"><\/div><div class=\"fusion-separator fusion-clearfix\" style=\"float:left;margin-top:0px;margin-bottom:35px;width:100%;max-width:170px;\"><div class=\"fusion-separator-border sep-single sep-solid\" style=\"--awb-height:20px;--awb-amount:20px;--awb-sep-color:#e2e3e8;border-color:#e2e3e8;border-top-width:3px;\"><\/div><\/div><div class=\"fusion-sep-clear\"><\/div><div class=\"fusion-text fusion-text-3\"><p>Hay diferentes tipos de edificios que se hicieron y se hacen con piedra natural arenisca. Hay muchos ejemplos: mas\u00edas, barrios medievales de ciudades, catedrales, iglesias, castillos medievales, anfiteatros de la \u00e9poca romana &#8230; etc.<\/p>\n<p>Pero junto con este conjunto de edificios tambi\u00e9n hay casas donde combinan la piedra natural arenisca con elementos m\u00e1s modernos, el resultado es una combinaci\u00f3n muy bonita porque muestra la naturalidad y la fortaleza de la piedra con las comodidades m\u00e1s modernas, un ejemplo ser\u00eda una mas\u00eda que donde se podr\u00eda restaurar sus aberturas: ventanas, arcos, portadas &#8230; y por dentro se podr\u00eda conservar algunas paredes de piedra, arcos &#8230; y hacer por ejemplo una chimenea con un aire mucho m\u00e1s moderno adaptada a un comedor tambi\u00e9n moderno y una cocina funcional. Areniscas Monistrol, S.L. hemos trabajado con muchos clientes particulares y hemos hecho cosas muy curiosas, bonitas y funcionales con nuestra piedra natural arenisca.<\/p>\n<\/div><div class=\"fusion-clearfix\"><\/div><\/div><\/div><div class=\"fusion-layout-column fusion_builder_column fusion-builder-column-2 fusion_builder_column_1_3 1_3 fusion-one-third fusion-column-last\" style=\"--awb-bg-size:cover;width:30.6666%;\"><div class=\"fusion-column-wrapper fusion-flex-column-wrapper-legacy\"><div class=\"fusion-image-element in-legacy-container\" style=\"--awb-caption-title-font-family:var(--h2_typography-font-family);--awb-caption-title-font-weight:var(--h2_typography-font-weight);--awb-caption-title-font-style:var(--h2_typography-font-style);--awb-caption-title-size:var(--h2_typography-font-size);--awb-caption-title-transform:var(--h2_typography-text-transform);--awb-caption-title-line-height:var(--h2_typography-line-height);--awb-caption-title-letter-spacing:var(--h2_typography-letter-spacing);\"><span class=\" fusion-imageframe imageframe-none imageframe-1 hover-type-zoomin fusion-animated\" data-animationType=\"fadeInDown\" data-animationDuration=\"1.0\" data-animationOffset=\"top-into-view\"><a href=\"http:\/\/www.sorrenc.com\/wp-content\/uploads\/2017\/01\/arcs-e1504602518895.jpg\" class=\"fusion-lightbox\" data-rel=\"iLightbox[0e21855e0834b681988]\" data-title=\"arcs\" title=\"arcs\"><img decoding=\"async\" width=\"206\" height=\"213\" src=\"http:\/\/www.sorrenc.com\/wp-content\/uploads\/2017\/01\/arcs-e1504602518895.jpg\" alt class=\"img-responsive wp-image-1480\" srcset=\"https:\/\/www.sorrenc.com\/wp-content\/uploads\/2017\/01\/arcs-e1504602518895-200x207.jpg 200w, https:\/\/www.sorrenc.com\/wp-content\/uploads\/2017\/01\/arcs-e1504602518895.jpg 206w\" sizes=\"(max-width: 800px) 100vw, 206px\" \/><\/a><\/span><\/div><div class=\"fusion-clearfix\"><\/div><\/div><\/div><div class=\"fusion-layout-column fusion_builder_column fusion-builder-column-3 fusion_builder_column_1_1 1_1 fusion-one-full fusion-column-first fusion-column-last\" style=\"--awb-bg-size:cover;\"><div class=\"fusion-column-wrapper fusion-flex-column-wrapper-legacy\"><div class=\"fusion-text fusion-text-4\"><h2>Piedra para interiores<\/h2>\n<\/div><div class=\"fusion-sep-clear\"><\/div><div class=\"fusion-separator fusion-clearfix\" style=\"float:left;margin-top:0px;margin-bottom:35px;width:100%;max-width:170px;\"><div class=\"fusion-separator-border sep-single sep-solid\" style=\"--awb-height:20px;--awb-amount:20px;--awb-sep-color:#e2e3e8;border-color:#e2e3e8;border-top-width:3px;\"><\/div><\/div><div class=\"fusion-sep-clear\"><\/div><div class=\"fusion-text fusion-text-5\"><p>En los interiores de los edificios podemos poner diferentes elementos de piedra natural arenisca, trabajados y m\u00e1s simples, siempre respetando el gusto del cliente y la est\u00e9tica adecuada en el espacio donde ir\u00e1 el elemento de piedra natural.<\/p>\n<p>Ejemplos de elementos de que se pueden poner en el interior de una granja o casa r\u00fastica:<\/p>\n<ol>\n<li>Galerias interiores de piedra<\/li>\n<li>Chimeneas: es el lugar de la casa de piedra o de blandas refractarias donde se hace fuego para calentarse o para cocinar, provisto de chimenea de campana ancha para la salida de los humos. Es una estructura arquitect\u00f3nica para contener fuego o para calentarse e hist\u00f3ricamente para cocinar.<\/li>\n<li>Escaleras : son planos inclinados que sirven para pasar de un nivel a otro mediante la descomposici\u00f3n de la distancia vertical en escalones adaptados al tama\u00f1o de una pasa. El uso de la escala fue frecuente en la arquitectura egipcia y en el mundo griego y romano, donde su funcionalidad era pr\u00e1ctica y tambi\u00e9n en la edad media. En el Renacimiento adquiri\u00f3 importancia como punto de articulaci\u00f3n espacial de un edificio. En el manierismo y en el barroco fue introducida la escalera imperial, el ramo central es seguido, tras un rellano, por dos otros en direcci\u00f3n inversa. En la arquitectura actual, despu\u00e9s del Modernismo, donde era un pretexto decorativo de los interiores, la escalera vuelve a tener una funcionalidad pr\u00e1ctica. Las escaleras se pueden hacer de piedra natural arenisca pero tambi\u00e9n se hacen en otros materiales como la madera, de hierro, etc.<\/li>\n<li>Suelos de piedra: se pueden hacer de diferentes tama\u00f1os y formas, de acabados diferentes en funci\u00f3n de la zona de la casa donde se quiera colocar un suelo de piedra.<\/li>\n<li>Bodegas : es un local donde es elaborado y sometido a envejecimiento o maduraci\u00f3n el vino. En la bodega llega la vendimia, con un tratamiento mec\u00e1nico se hace el mosto, se fermentar\u00e1 en tinas de fermentaci\u00f3n y se har\u00e1 el vino. Generalmente son zonas de la casa donde no hay calor, situadas en la parte m\u00e1s baja. La piedra ayuda a mantener su temperatura.<\/li>\n<li>Paredes interiores : aqu\u00ed hay un gran abanico de posibilidades, se pueden hacer en casas o mas\u00edas r\u00fasticas respetando su estilo, pero en casas m\u00e1s modernas tambi\u00e9n se pueden hacer. Hay paredes con diferentes acabados: pulido, rug\u00f3s..etc.<\/li>\n<li>Arcos y columnas: son elementos de piedra natural arenisca que se pueden hacer muy simples o m\u00e1s trabajados. Se pueden hacer un una \u00fanica pieza o en varias.<\/li>\n<\/ol>\n<\/div><div class=\"fusion-clearfix\"><\/div><\/div><\/div><\/div><\/div><\/p>\n","protected":false},"excerpt":{"rendered":"","protected":false},"author":1,"featured_media":0,"parent":1117,"menu_order":0,"comment_status":"closed","ping_status":"open","template":"","meta":{"footnotes":""},"class_list":["post-1113","page","type-page","status-publish","hentry"],"yoast_head":"<!-- This site is optimized with the Yoast SEO plugin v24.9 - https:\/\/yoast.com\/wordpress\/plugins\/seo\/ -->\n<title>Trabajos con piedra nueva - Sorrenc<\/title>\n<meta name=\"robots\" content=\"index, follow, max-snippet:-1, max-image-preview:large, max-video-preview:-1\" \/>\n<link rel=\"canonical\" href=\"https:\/\/www.sorrenc.com\/es\/servicios\/trabajos-con-piedra-nueva\/\" \/>\n<meta property=\"og:locale\" content=\"es_ES\" \/>\n<meta property=\"og:type\" content=\"article\" \/>\n<meta property=\"og:title\" content=\"Trabajos con piedra nueva - Sorrenc\" \/>\n<meta property=\"og:url\" content=\"https:\/\/www.sorrenc.com\/es\/servicios\/trabajos-con-piedra-nueva\/\" \/>\n<meta property=\"og:site_name\" content=\"Sorrenc\" \/>\n<meta property=\"article:publisher\" content=\"http:\/\/www.sorrenc.com\" \/>\n<meta property=\"article:modified_time\" content=\"2021-06-04T09:14:42+00:00\" \/>\n<meta name=\"twitter:card\" content=\"summary_large_image\" \/>\n<meta name=\"twitter:site\" content=\"@AreniscasM\" \/>\n<meta name=\"twitter:label1\" content=\"Tiempo de lectura\" \/>\n\t<meta name=\"twitter:data1\" content=\"9 minutos\" \/>\n<script type=\"application\/ld+json\" class=\"yoast-schema-graph\">{\"@context\":\"https:\/\/schema.org\",\"@graph\":[{\"@type\":\"WebPage\",\"@id\":\"https:\/\/www.sorrenc.com\/es\/servicios\/trabajos-con-piedra-nueva\/\",\"url\":\"https:\/\/www.sorrenc.com\/es\/servicios\/trabajos-con-piedra-nueva\/\",\"name\":\"Trabajos con piedra nueva - Sorrenc\",\"isPartOf\":{\"@id\":\"https:\/\/www.sorrenc.com\/es\/#website\"},\"datePublished\":\"2017-01-28T18:21:31+00:00\",\"dateModified\":\"2021-06-04T09:14:42+00:00\",\"breadcrumb\":{\"@id\":\"https:\/\/www.sorrenc.com\/es\/servicios\/trabajos-con-piedra-nueva\/#breadcrumb\"},\"inLanguage\":\"es\",\"potentialAction\":[{\"@type\":\"ReadAction\",\"target\":[\"https:\/\/www.sorrenc.com\/es\/servicios\/trabajos-con-piedra-nueva\/\"]}]},{\"@type\":\"BreadcrumbList\",\"@id\":\"https:\/\/www.sorrenc.com\/es\/servicios\/trabajos-con-piedra-nueva\/#breadcrumb\",\"itemListElement\":[{\"@type\":\"ListItem\",\"position\":1,\"name\":\"Inici\",\"item\":\"https:\/\/www.sorrenc.com\/es\/\"},{\"@type\":\"ListItem\",\"position\":2,\"name\":\"Servicios\",\"item\":\"https:\/\/www.sorrenc.com\/es\/servicios\/\"},{\"@type\":\"ListItem\",\"position\":3,\"name\":\"Trabajos con piedra nueva\"}]},{\"@type\":\"WebSite\",\"@id\":\"https:\/\/www.sorrenc.com\/es\/#website\",\"url\":\"https:\/\/www.sorrenc.com\/es\/\",\"name\":\"Sorrenc\",\"description\":\"Areniscas Monistrol\",\"publisher\":{\"@id\":\"https:\/\/www.sorrenc.com\/es\/#organization\"},\"potentialAction\":[{\"@type\":\"SearchAction\",\"target\":{\"@type\":\"EntryPoint\",\"urlTemplate\":\"https:\/\/www.sorrenc.com\/es\/?s={search_term_string}\"},\"query-input\":{\"@type\":\"PropertyValueSpecification\",\"valueRequired\":true,\"valueName\":\"search_term_string\"}}],\"inLanguage\":\"es\"},{\"@type\":\"Organization\",\"@id\":\"https:\/\/www.sorrenc.com\/es\/#organization\",\"name\":\"ARENISCAS MONISTROL, S.L.\",\"url\":\"https:\/\/www.sorrenc.com\/es\/\",\"logo\":{\"@type\":\"ImageObject\",\"inLanguage\":\"es\",\"@id\":\"https:\/\/www.sorrenc.com\/es\/#\/schema\/logo\/image\/\",\"url\":\"https:\/\/www.sorrenc.com\/wp-content\/uploads\/2020\/12\/Sorrenc-GMAIL-Firma-horitzontal.png\",\"contentUrl\":\"https:\/\/www.sorrenc.com\/wp-content\/uploads\/2020\/12\/Sorrenc-GMAIL-Firma-horitzontal.png\",\"width\":486,\"height\":125,\"caption\":\"ARENISCAS MONISTROL, S.L.\"},\"image\":{\"@id\":\"https:\/\/www.sorrenc.com\/es\/#\/schema\/logo\/image\/\"},\"sameAs\":[\"http:\/\/www.sorrenc.com\",\"https:\/\/x.com\/AreniscasM\"]}]}<\/script>\n<!-- \/ Yoast SEO plugin. -->","yoast_head_json":{"title":"Trabajos con piedra nueva - Sorrenc","robots":{"index":"index","follow":"follow","max-snippet":"max-snippet:-1","max-image-preview":"max-image-preview:large","max-video-preview":"max-video-preview:-1"},"canonical":"https:\/\/www.sorrenc.com\/es\/servicios\/trabajos-con-piedra-nueva\/","og_locale":"es_ES","og_type":"article","og_title":"Trabajos con piedra nueva - Sorrenc","og_url":"https:\/\/www.sorrenc.com\/es\/servicios\/trabajos-con-piedra-nueva\/","og_site_name":"Sorrenc","article_publisher":"http:\/\/www.sorrenc.com","article_modified_time":"2021-06-04T09:14:42+00:00","twitter_card":"summary_large_image","twitter_site":"@AreniscasM","twitter_misc":{"Tiempo de lectura":"9 minutos"},"schema":{"@context":"https:\/\/schema.org","@graph":[{"@type":"WebPage","@id":"https:\/\/www.sorrenc.com\/es\/servicios\/trabajos-con-piedra-nueva\/","url":"https:\/\/www.sorrenc.com\/es\/servicios\/trabajos-con-piedra-nueva\/","name":"Trabajos con piedra nueva - Sorrenc","isPartOf":{"@id":"https:\/\/www.sorrenc.com\/es\/#website"},"datePublished":"2017-01-28T18:21:31+00:00","dateModified":"2021-06-04T09:14:42+00:00","breadcrumb":{"@id":"https:\/\/www.sorrenc.com\/es\/servicios\/trabajos-con-piedra-nueva\/#breadcrumb"},"inLanguage":"es","potentialAction":[{"@type":"ReadAction","target":["https:\/\/www.sorrenc.com\/es\/servicios\/trabajos-con-piedra-nueva\/"]}]},{"@type":"BreadcrumbList","@id":"https:\/\/www.sorrenc.com\/es\/servicios\/trabajos-con-piedra-nueva\/#breadcrumb","itemListElement":[{"@type":"ListItem","position":1,"name":"Inici","item":"https:\/\/www.sorrenc.com\/es\/"},{"@type":"ListItem","position":2,"name":"Servicios","item":"https:\/\/www.sorrenc.com\/es\/servicios\/"},{"@type":"ListItem","position":3,"name":"Trabajos con piedra nueva"}]},{"@type":"WebSite","@id":"https:\/\/www.sorrenc.com\/es\/#website","url":"https:\/\/www.sorrenc.com\/es\/","name":"Sorrenc","description":"Areniscas Monistrol","publisher":{"@id":"https:\/\/www.sorrenc.com\/es\/#organization"},"potentialAction":[{"@type":"SearchAction","target":{"@type":"EntryPoint","urlTemplate":"https:\/\/www.sorrenc.com\/es\/?s={search_term_string}"},"query-input":{"@type":"PropertyValueSpecification","valueRequired":true,"valueName":"search_term_string"}}],"inLanguage":"es"},{"@type":"Organization","@id":"https:\/\/www.sorrenc.com\/es\/#organization","name":"ARENISCAS MONISTROL, S.L.","url":"https:\/\/www.sorrenc.com\/es\/","logo":{"@type":"ImageObject","inLanguage":"es","@id":"https:\/\/www.sorrenc.com\/es\/#\/schema\/logo\/image\/","url":"https:\/\/www.sorrenc.com\/wp-content\/uploads\/2020\/12\/Sorrenc-GMAIL-Firma-horitzontal.png","contentUrl":"https:\/\/www.sorrenc.com\/wp-content\/uploads\/2020\/12\/Sorrenc-GMAIL-Firma-horitzontal.png","width":486,"height":125,"caption":"ARENISCAS MONISTROL, S.L."},"image":{"@id":"https:\/\/www.sorrenc.com\/es\/#\/schema\/logo\/image\/"},"sameAs":["http:\/\/www.sorrenc.com","https:\/\/x.com\/AreniscasM"]}]}},"_links":{"self":[{"href":"https:\/\/www.sorrenc.com\/es\/wp-json\/wp\/v2\/pages\/1113","targetHints":{"allow":["GET"]}}],"collection":[{"href":"https:\/\/www.sorrenc.com\/es\/wp-json\/wp\/v2\/pages"}],"about":[{"href":"https:\/\/www.sorrenc.com\/es\/wp-json\/wp\/v2\/types\/page"}],"author":[{"embeddable":true,"href":"https:\/\/www.sorrenc.com\/es\/wp-json\/wp\/v2\/users\/1"}],"replies":[{"embeddable":true,"href":"https:\/\/www.sorrenc.com\/es\/wp-json\/wp\/v2\/comments?post=1113"}],"version-history":[{"count":7,"href":"https:\/\/www.sorrenc.com\/es\/wp-json\/wp\/v2\/pages\/1113\/revisions"}],"predecessor-version":[{"id":2835,"href":"https:\/\/www.sorrenc.com\/es\/wp-json\/wp\/v2\/pages\/1113\/revisions\/2835"}],"up":[{"embeddable":true,"href":"https:\/\/www.sorrenc.com\/es\/wp-json\/wp\/v2\/pages\/1117"}],"wp:attachment":[{"href":"https:\/\/www.sorrenc.com\/es\/wp-json\/wp\/v2\/media?parent=1113"}],"curies":[{"name":"wp","href":"https:\/\/api.w.org\/{rel}","templated":true}]}}