{"id":1135,"date":"2017-01-28T19:18:07","date_gmt":"2017-01-28T18:18:07","guid":{"rendered":"http:\/\/www.sorrenc.com\/our-product\/"},"modified":"2017-08-28T16:33:20","modified_gmt":"2017-08-28T15:33:20","slug":"nuestro-producto","status":"publish","type":"page","link":"https:\/\/www.sorrenc.com\/es\/nuestro-producto\/","title":{"rendered":"Nuestro producto"},"content":{"rendered":"<p><div class=\"fusion-fullwidth fullwidth-box fusion-builder-row-1 nonhundred-percent-fullwidth non-hundred-percent-height-scrolling\" style=\"--awb-background-position:left top;--awb-border-radius-top-left:0px;--awb-border-radius-top-right:0px;--awb-border-radius-bottom-right:0px;--awb-border-radius-bottom-left:0px;--awb-padding-top:0px;--awb-padding-bottom:30px;--awb-border-sizes-top:0px;--awb-border-sizes-bottom:0px;--awb-flex-wrap:wrap;\" ><div class=\"fusion-builder-row fusion-row\"><div class=\"fusion-layout-column fusion_builder_column fusion-builder-column-0 fusion_builder_column_1_2 1_2 fusion-one-half fusion-column-first\" style=\"--awb-bg-size:cover;width:48%; margin-right: 4%;\"><div class=\"fusion-column-wrapper fusion-flex-column-wrapper-legacy\"><div class=\"fusion-text fusion-text-1\"><h2>Nuestro producto<\/h2>\n<\/div><div class=\"fusion-sep-clear\"><\/div><div class=\"fusion-separator fusion-clearfix\" style=\"float:left;margin-top:0px;margin-bottom:35px;width:100%;max-width:170px;\"><div class=\"fusion-separator-border sep-single sep-solid\" style=\"--awb-height:20px;--awb-amount:20px;--awb-sep-color:#e2e3e8;border-color:#e2e3e8;border-top-width:3px;\"><\/div><\/div><div class=\"fusion-sep-clear\"><\/div><div class=\"fusion-text fusion-text-2\"><h2><\/h2>\n<p>Nuestra maquin\u00e1ria de precisi\u00f3n nos permite trabajar en diversidad de proyectos donde se trabaja la piedra natural arenisca, de grandes bloques que extraemos podemos hacer diferentes formas y molduras, es decir, elaborar diversas piezas (antepechos de ventanas, lindas, brancales, columnas, baldosas de diferentes medidas, piezas a medida&#8230;etc). Las caracter\u00edsticas espec\u00edficas de la piedra arenisca hacen posible poder hacer trabajos de grandes tama\u00f1os y gran calidad.<\/p>\n<\/div><div class=\"fusion-clearfix\"><\/div><\/div><\/div><div class=\"fusion-layout-column fusion_builder_column fusion-builder-column-1 fusion_builder_column_1_2 1_2 fusion-one-half fusion-column-last\" style=\"--awb-bg-size:cover;width:48%;\"><div class=\"fusion-column-wrapper fusion-flex-column-wrapper-legacy\"><div class=\"fusion-image-element in-legacy-container\" style=\"--awb-caption-title-font-family:var(--h2_typography-font-family);--awb-caption-title-font-weight:var(--h2_typography-font-weight);--awb-caption-title-font-style:var(--h2_typography-font-style);--awb-caption-title-size:var(--h2_typography-font-size);--awb-caption-title-transform:var(--h2_typography-text-transform);--awb-caption-title-line-height:var(--h2_typography-line-height);--awb-caption-title-letter-spacing:var(--h2_typography-letter-spacing);\"><span class=\" fusion-imageframe imageframe-none imageframe-1 hover-type-zoomin fusion-animated\" data-animationType=\"fadeInDown\" data-animationDuration=\"1.0\" data-animationOffset=\"top-into-view\"><a href=\"http:\/\/www.sorrenc.com\/wp-content\/uploads\/2017\/02\/producte_origen1-1024x606.jpg\" class=\"fusion-lightbox\" data-rel=\"iLightbox[2a33a38b382caa274ba]\" data-title=\"producte_origen1\" title=\"producte_origen1\"><img decoding=\"async\" width=\"1024\" height=\"606\" src=\"http:\/\/www.sorrenc.com\/wp-content\/uploads\/2017\/02\/producte_origen1-1024x606.jpg\" alt class=\"img-responsive wp-image-1302\" srcset=\"https:\/\/www.sorrenc.com\/wp-content\/uploads\/2017\/02\/producte_origen1-200x118.jpg 200w, https:\/\/www.sorrenc.com\/wp-content\/uploads\/2017\/02\/producte_origen1-400x237.jpg 400w, https:\/\/www.sorrenc.com\/wp-content\/uploads\/2017\/02\/producte_origen1-600x355.jpg 600w, https:\/\/www.sorrenc.com\/wp-content\/uploads\/2017\/02\/producte_origen1-800x474.jpg 800w, https:\/\/www.sorrenc.com\/wp-content\/uploads\/2017\/02\/producte_origen1-1200x711.jpg 1200w, https:\/\/www.sorrenc.com\/wp-content\/uploads\/2017\/02\/producte_origen1.jpg 1680w\" sizes=\"(max-width: 800px) 100vw, 600px\" \/><\/a><\/span><\/div><div class=\"fusion-sep-clear\"><\/div><div class=\"fusion-separator fusion-full-width-sep\" style=\"margin-left: auto;margin-right: auto;margin-top:40px;width:100%;\"><\/div><div class=\"fusion-sep-clear\"><\/div><div class=\"fusion-clearfix\"><\/div><\/div><\/div><\/div><\/div><div class=\"fusion-fullwidth fullwidth-box fusion-builder-row-2 nonhundred-percent-fullwidth non-hundred-percent-height-scrolling\" style=\"--awb-border-radius-top-left:0px;--awb-border-radius-top-right:0px;--awb-border-radius-bottom-right:0px;--awb-border-radius-bottom-left:0px;--awb-padding-top:20px;--awb-padding-bottom:20px;--awb-flex-wrap:wrap;\" ><div class=\"fusion-builder-row fusion-row\"><div class=\"fusion-layout-column fusion_builder_column fusion-builder-column-2 fusion_builder_column_1_1 1_1 fusion-one-full fusion-column-first fusion-column-last\" style=\"--awb-bg-size:cover;\"><div class=\"fusion-column-wrapper fusion-flex-column-wrapper-legacy\">\n<div class=\"table-1\">\n<table class=\"table table-bordered\">\n<thead>\n<tr>\n<th>Pruebas realitzadas<\/th>\n<th>Norma de ensayo<\/th>\n<th>Resultados<\/th>\n<\/tr>\n<\/thead>\n<tbody>\n<tr>\n<td>Descripci\u00f3n \u00a0petrogr\u00e1fica<\/td>\n<td>UNE-EN 12407:2007<\/td>\n<td>Carbonatic sandstone<\/td>\n<\/tr>\n<tr>\n<td>Resistencia a la abrasi\u00f3n<\/td>\n<td>UNE-EN 14157:2005<\/td>\n<td>22,5 mm<\/td>\n<\/tr>\n<tr>\n<td rowspan=\"2\">Contenido \u00a0total en azufre<\/td>\n<td rowspan=\"2\">UNE-EN 1744-1<\/td>\n<td>0,02% S<\/td>\n<\/tr>\n<tr>\n<td>0,04% SO3<\/td>\n<\/tr>\n<tr>\n<td>Absorci\u00f3n de agua a pressi\u00f3n atmosf\u00e9rica<\/td>\n<td>UNE-EN 13755:2002<\/td>\n<td>3,8%<\/td>\n<\/tr>\n<tr>\n<td>Porosidad abierta<\/td>\n<td rowspan=\"2\">UNE-EN 1936:2007<\/td>\n<td>13,0%<\/td>\n<\/tr>\n<tr>\n<td>Densidad aparente<\/td>\n<td>2367 Kg\/m<sup>3<\/sup><\/td>\n<\/tr>\n<tr>\n<td>Coeficiente de absorci\u00f3n de agua por capilaridad<\/td>\n<td>UNE-EN 1925:1999<\/td>\n<td>36,690 gr\/m<sup>2<\/sup>\u00c2\u00b7s<sup>0,5<\/sup><\/td>\n<\/tr>\n<tr>\n<td>Resistencia a la flexi\u00f3n (valor medio)<\/td>\n<td>UNE-EN 12372:2007<\/td>\n<td>8,2 Mpa<\/td>\n<\/tr>\n<tr>\n<td>Resistencia a la flexi\u00f3n, despu\u00e9s del ensayo de hielo\/deshielo (valor medio)<\/td>\n<td>UNE-EN 12371:2010<\/td>\n<td>7,8 Mpa<\/td>\n<\/tr>\n<\/tbody>\n<\/table>\n<\/div>\n<div class=\"fusion-button-wrapper\"><a class=\"fusion-button button-flat fusion-button-default-size button-darkgreen fusion-button-darkgreen button-1 fusion-button-default-span fusion-button-default-type\" target=\"_self\" title=\"Descarregar el analisis completo\" aria-label=\"Descarregar el analisis completo\" href=\"\/wp-content\/uploads\/2017\/05\/informe-es.pdf\"><i class=\" fa fa-bar-chart awb-button__icon awb-button__icon--default button-icon-left\" aria-hidden=\"true\"><\/i><span class=\"fusion-button-text awb-button__text awb-button__text--default\">Descarregar el analisis completo<\/span><\/a><\/div><div class=\"fusion-clearfix\"><\/div><\/div><\/div><\/div><\/div><div class=\"fusion-fullwidth fullwidth-box fusion-builder-row-3 nonhundred-percent-fullwidth non-hundred-percent-height-scrolling\" style=\"--awb-border-radius-top-left:0px;--awb-border-radius-top-right:0px;--awb-border-radius-bottom-right:0px;--awb-border-radius-bottom-left:0px;--awb-padding-top:20px;--awb-padding-bottom:20px;--awb-flex-wrap:wrap;\" ><div class=\"fusion-builder-row fusion-row\"><div class=\"fusion-layout-column fusion_builder_column fusion-builder-column-3 fusion_builder_column_1_1 1_1 fusion-one-full fusion-column-first fusion-column-last\" style=\"--awb-bg-size:cover;\"><div class=\"fusion-column-wrapper fusion-flex-column-wrapper-legacy\"><div class=\"fusion-text fusion-text-3\"><h2>Or\u00edgen de nuestro producto<\/h2>\n<\/div><div class=\"fusion-sep-clear\"><\/div><div class=\"fusion-separator fusion-clearfix\" style=\"float:left;margin-top:0px;margin-bottom:35px;width:100%;max-width:170px;\"><div class=\"fusion-separator-border sep-single sep-solid\" style=\"--awb-height:20px;--awb-amount:20px;--awb-sep-color:#e2e3e8;border-color:#e2e3e8;border-top-width:3px;\"><\/div><\/div><div class=\"fusion-sep-clear\"><\/div><div class=\"fusion-clearfix\"><\/div><\/div><\/div><div class=\"fusion-layout-column fusion_builder_column fusion-builder-column-4 fusion_builder_column_1_3 1_3 fusion-one-third fusion-column-first\" style=\"--awb-bg-size:cover;width:33.333333333333%;width:calc(33.333333333333% - ( ( 4% ) * 0.33333333333333 ) );margin-right: 4%;\"><div class=\"fusion-column-wrapper fusion-flex-column-wrapper-legacy\"><div class=\"fusion-image-element in-legacy-container\" style=\"--awb-caption-title-font-family:var(--h2_typography-font-family);--awb-caption-title-font-weight:var(--h2_typography-font-weight);--awb-caption-title-font-style:var(--h2_typography-font-style);--awb-caption-title-size:var(--h2_typography-font-size);--awb-caption-title-transform:var(--h2_typography-text-transform);--awb-caption-title-line-height:var(--h2_typography-line-height);--awb-caption-title-letter-spacing:var(--h2_typography-letter-spacing);\"><span class=\" fusion-imageframe imageframe-none imageframe-2 hover-type-none\"><img decoding=\"async\" width=\"1024\" height=\"606\" title=\"producte_origen1\" src=\"http:\/\/www.sorrenc.com\/wp-content\/uploads\/2017\/01\/producte_origen1-1024x606.jpg\" alt class=\"img-responsive wp-image-1632\" srcset=\"https:\/\/www.sorrenc.com\/wp-content\/uploads\/2017\/01\/producte_origen1-200x118.jpg 200w, https:\/\/www.sorrenc.com\/wp-content\/uploads\/2017\/01\/producte_origen1-400x237.jpg 400w, https:\/\/www.sorrenc.com\/wp-content\/uploads\/2017\/01\/producte_origen1-600x355.jpg 600w, https:\/\/www.sorrenc.com\/wp-content\/uploads\/2017\/01\/producte_origen1-800x474.jpg 800w, https:\/\/www.sorrenc.com\/wp-content\/uploads\/2017\/01\/producte_origen1-1200x711.jpg 1200w, https:\/\/www.sorrenc.com\/wp-content\/uploads\/2017\/01\/producte_origen1.jpg 1680w\" sizes=\"(max-width: 800px) 100vw, 400px\" \/><\/span><\/div><div class=\"fusion-sep-clear\"><\/div><div class=\"fusion-separator fusion-full-width-sep\" style=\"margin-left: auto;margin-right: auto;margin-top:10px;margin-bottom:10px;width:100%;\"><\/div><div class=\"fusion-sep-clear\"><\/div><div class=\"fusion-image-element in-legacy-container\" style=\"--awb-caption-title-font-family:var(--h2_typography-font-family);--awb-caption-title-font-weight:var(--h2_typography-font-weight);--awb-caption-title-font-style:var(--h2_typography-font-style);--awb-caption-title-size:var(--h2_typography-font-size);--awb-caption-title-transform:var(--h2_typography-text-transform);--awb-caption-title-line-height:var(--h2_typography-line-height);--awb-caption-title-letter-spacing:var(--h2_typography-letter-spacing);\"><span class=\" fusion-imageframe imageframe-none imageframe-3 hover-type-none\"><img decoding=\"async\" width=\"640\" height=\"379\" title=\"producte_origen2\" src=\"http:\/\/www.sorrenc.com\/wp-content\/uploads\/2017\/01\/producte_origen2.jpg\" alt class=\"img-responsive wp-image-1633\" srcset=\"https:\/\/www.sorrenc.com\/wp-content\/uploads\/2017\/01\/producte_origen2-200x118.jpg 200w, https:\/\/www.sorrenc.com\/wp-content\/uploads\/2017\/01\/producte_origen2-400x237.jpg 400w, https:\/\/www.sorrenc.com\/wp-content\/uploads\/2017\/01\/producte_origen2-600x355.jpg 600w, https:\/\/www.sorrenc.com\/wp-content\/uploads\/2017\/01\/producte_origen2.jpg 640w\" sizes=\"(max-width: 800px) 100vw, 400px\" \/><\/span><\/div><div class=\"fusion-clearfix\"><\/div><\/div><\/div><div class=\"fusion-layout-column fusion_builder_column fusion-builder-column-5 fusion_builder_column_2_3 2_3 fusion-two-third fusion-column-last\" style=\"--awb-bg-size:cover;width:66.666666666667%;width:calc(66.666666666667% - ( ( 4% ) * 0.66666666666667 ) );\"><div class=\"fusion-column-wrapper fusion-flex-column-wrapper-legacy\"><div class=\"fusion-text fusion-text-4\"><h2>Cantera<\/h2>\n<p>Una cantera es una explotaci\u00f3n minera, a cielo abierto, donde se obtienen rocas industriales, ornamentales o \u00e1ridos. Nuestra cantera de piedra natural arenisca est\u00e1 ubicada en el t\u00e9rmino municipal de Monistrol de Calders (Barcelona) y extraemos la piedra para hacer elaboraciones ornamentales. El tipo de piedra que extraemos es una piedra arenisca de muy buena calidad, un an\u00e1lisis avala esta calidad.<\/p>\n<h2>Tipos de canteras<\/h2>\n<p>Hay diferentes tipos de canteras en funci\u00f3n del material que se extrae: canteras de m\u00e1rmol, canteras de granito, canteras de calc\u00e1reas y \u00a0de pizarras. En todas ellas se pueden extraer el material para hace trabajos de tipo industrial, ornamental y \u00e1ridos. En nuestra cantera extraemos piedra natural arenisca para trabajarla de forma ornamental y hacer diferentes formas y acabados.<\/p>\n<\/div><div class=\"fusion-clearfix\"><\/div><\/div><\/div><\/div><\/div><div class=\"fusion-fullwidth fullwidth-box fusion-builder-row-4 nonhundred-percent-fullwidth non-hundred-percent-height-scrolling\" style=\"--awb-border-radius-top-left:0px;--awb-border-radius-top-right:0px;--awb-border-radius-bottom-right:0px;--awb-border-radius-bottom-left:0px;--awb-padding-top:20px;--awb-padding-bottom:20px;--awb-flex-wrap:wrap;\" ><div class=\"fusion-builder-row fusion-row\"><div class=\"fusion-layout-column fusion_builder_column fusion-builder-column-6 fusion_builder_column_1_1 1_1 fusion-one-full fusion-column-first fusion-column-last\" style=\"--awb-bg-size:cover;\"><div class=\"fusion-column-wrapper fusion-flex-column-wrapper-legacy\"><div class=\"fusion-text fusion-text-5\"><h2>El Moianes y el Bages, la piedra arenisca y otras explotaciones mineras.<\/h2>\n<\/div><div class=\"fusion-sep-clear\"><\/div><div class=\"fusion-separator fusion-clearfix\" style=\"float:left;margin-top:0px;margin-bottom:35px;width:100%;max-width:170px;\"><div class=\"fusion-separator-border sep-single sep-solid\" style=\"--awb-height:20px;--awb-amount:20px;--awb-sep-color:#e2e3e8;border-color:#e2e3e8;border-top-width:3px;\"><\/div><\/div><div class=\"fusion-sep-clear\"><\/div><div class=\"fusion-clearfix\"><\/div><\/div><\/div><div class=\"fusion-layout-column fusion_builder_column fusion-builder-column-7 fusion_builder_column_1_1 1_1 fusion-one-full fusion-column-first fusion-column-last\" style=\"--awb-bg-size:cover;\"><div class=\"fusion-column-wrapper fusion-flex-column-wrapper-legacy\"><div class=\"fusion-text fusion-text-6\"><p>Nuestra cantera de piedra natural arenisca est\u00e1 situada en la comarca de el Moian\u00e8s (Catalunya, Espanya). El Moian\u00e8s es una comarca que se encuentra al centro de Catalunya. Su capital es Moi\u00e0 y tiene 10 municipios. El Moian\u00e8s se encuentra al lado \u00a0del Bages. El Bages i el Moian\u00e9s est\u00e1n constituidas por una extensa conca d&#8217;erosi\u00f3n bordeadas de altiplanos y monta\u00f1as elevadas, dentro la depresi\u00f3n central. El Moian\u00e9s y el Bages constituen el fondo de la conca de erosi\u00f3n, excavada por las aguas del r\u00edo Llobregat y sus afluentes en las arcillas, m\u00e1rgenes rojizos y greses que hay en este lugar. Estos materiales se depositaran durante la \u00e9poca geol\u00f3gica del Eoc\u00e9, en los inicios del Terciario. Posteriormente los r\u00edos se encajaron y parte de sus hondades se rellenaran progresivamente de materiales aluviales, formando diferentes niveles de terrazas, que se identifican porque hay guijarros, o piedras bien redondas a causa de la corriente del agua.<\/p>\n<p>La ind\u00fastria minera es muy antigua en la comarca del bages y con la sal de Cardona y con las explotaciones de potasa en S\u00faria y en \u00a0Sallent. Una ind\u00fastria muy diversificada, y antiguamente de predominio t\u00e8xtil, aprovecha la fuerza motriz \u00a0del r\u00eda Llobregat y el Cardener, los dos r\u00edos que riegan la comarca.<\/p>\n<p>Fruto de la intensa actividad minera a lo largo del tiempo i con centros mineros a\u00fan activos hay bastantes \u00a0instalaciones relacionadas con la extracci\u00f3n de la sal.<\/p>\n<p>Tambi\u00e9n podemos destacar las explotaciones de rocas ornamentales en Castellbell, a Sant Vicen\u00e7 de Castellet i a Monistrol de Calders, como es el caso de nuestra cantera que elabora piedra natural arenisca. Encontramos tambi\u00e9n las explotaciones de calcolutitas en Sant Mateu de Bages, as\u00ed como las antiguas explotaciones de lignito a diferentes lugares de la comarca del Bages.<\/p>\n<p>La actividad minera aporta puestos de trabajo y riqueza en el territorio pero tambi\u00e9n han tenido consecuencias \u00a0medioambientales. Afortunadamente en la actualidad la ind\u00fastria minera es cada vez m\u00e1s cuidadosa con el Medio Natural.<\/p>\n<p>La Comarca del Bages cuenta con las Cuevas del Toll y las Cuevas de Salnitre o los antiguos deltas de Montserrat y Sant Lloren\u00e7 de Munt, dos Parques Naturales de privilegiada naturaleza y peculiar paisaje.<\/p>\n<\/div><div class=\"fusion-clearfix\"><\/div><\/div><\/div><\/div><\/div><\/p>\n","protected":false},"excerpt":{"rendered":"","protected":false},"author":1,"featured_media":0,"parent":0,"menu_order":0,"comment_status":"closed","ping_status":"closed","template":"100-width.php","meta":{"footnotes":""},"class_list":["post-1135","page","type-page","status-publish","hentry"],"yoast_head":"<!-- This site is optimized with the Yoast SEO plugin v24.9 - https:\/\/yoast.com\/wordpress\/plugins\/seo\/ -->\n<title>Nuestro producto - Sorrenc<\/title>\n<meta name=\"robots\" content=\"index, follow, max-snippet:-1, max-image-preview:large, max-video-preview:-1\" \/>\n<link rel=\"canonical\" href=\"https:\/\/www.sorrenc.com\/es\/nuestro-producto\/\" \/>\n<meta property=\"og:locale\" content=\"es_ES\" \/>\n<meta property=\"og:type\" content=\"article\" \/>\n<meta property=\"og:title\" content=\"Nuestro producto - Sorrenc\" \/>\n<meta property=\"og:url\" content=\"https:\/\/www.sorrenc.com\/es\/nuestro-producto\/\" \/>\n<meta property=\"og:site_name\" content=\"Sorrenc\" \/>\n<meta property=\"article:publisher\" content=\"http:\/\/www.sorrenc.com\" \/>\n<meta property=\"article:modified_time\" content=\"2017-08-28T15:33:20+00:00\" \/>\n<meta name=\"twitter:card\" content=\"summary_large_image\" \/>\n<meta name=\"twitter:site\" content=\"@AreniscasM\" \/>\n<meta name=\"twitter:label1\" content=\"Tiempo de lectura\" \/>\n\t<meta name=\"twitter:data1\" content=\"9 minutos\" \/>\n<script type=\"application\/ld+json\" class=\"yoast-schema-graph\">{\"@context\":\"https:\/\/schema.org\",\"@graph\":[{\"@type\":\"WebPage\",\"@id\":\"https:\/\/www.sorrenc.com\/es\/nuestro-producto\/\",\"url\":\"https:\/\/www.sorrenc.com\/es\/nuestro-producto\/\",\"name\":\"Nuestro producto - Sorrenc\",\"isPartOf\":{\"@id\":\"https:\/\/www.sorrenc.com\/es\/#website\"},\"datePublished\":\"2017-01-28T18:18:07+00:00\",\"dateModified\":\"2017-08-28T15:33:20+00:00\",\"breadcrumb\":{\"@id\":\"https:\/\/www.sorrenc.com\/es\/nuestro-producto\/#breadcrumb\"},\"inLanguage\":\"es\",\"potentialAction\":[{\"@type\":\"ReadAction\",\"target\":[\"https:\/\/www.sorrenc.com\/es\/nuestro-producto\/\"]}]},{\"@type\":\"BreadcrumbList\",\"@id\":\"https:\/\/www.sorrenc.com\/es\/nuestro-producto\/#breadcrumb\",\"itemListElement\":[{\"@type\":\"ListItem\",\"position\":1,\"name\":\"Inici\",\"item\":\"https:\/\/www.sorrenc.com\/es\/\"},{\"@type\":\"ListItem\",\"position\":2,\"name\":\"Nuestro producto\"}]},{\"@type\":\"WebSite\",\"@id\":\"https:\/\/www.sorrenc.com\/es\/#website\",\"url\":\"https:\/\/www.sorrenc.com\/es\/\",\"name\":\"Sorrenc\",\"description\":\"Areniscas Monistrol\",\"publisher\":{\"@id\":\"https:\/\/www.sorrenc.com\/es\/#organization\"},\"potentialAction\":[{\"@type\":\"SearchAction\",\"target\":{\"@type\":\"EntryPoint\",\"urlTemplate\":\"https:\/\/www.sorrenc.com\/es\/?s={search_term_string}\"},\"query-input\":{\"@type\":\"PropertyValueSpecification\",\"valueRequired\":true,\"valueName\":\"search_term_string\"}}],\"inLanguage\":\"es\"},{\"@type\":\"Organization\",\"@id\":\"https:\/\/www.sorrenc.com\/es\/#organization\",\"name\":\"ARENISCAS MONISTROL, S.L.\",\"url\":\"https:\/\/www.sorrenc.com\/es\/\",\"logo\":{\"@type\":\"ImageObject\",\"inLanguage\":\"es\",\"@id\":\"https:\/\/www.sorrenc.com\/es\/#\/schema\/logo\/image\/\",\"url\":\"https:\/\/www.sorrenc.com\/wp-content\/uploads\/2020\/12\/Sorrenc-GMAIL-Firma-horitzontal.png\",\"contentUrl\":\"https:\/\/www.sorrenc.com\/wp-content\/uploads\/2020\/12\/Sorrenc-GMAIL-Firma-horitzontal.png\",\"width\":486,\"height\":125,\"caption\":\"ARENISCAS MONISTROL, S.L.\"},\"image\":{\"@id\":\"https:\/\/www.sorrenc.com\/es\/#\/schema\/logo\/image\/\"},\"sameAs\":[\"http:\/\/www.sorrenc.com\",\"https:\/\/x.com\/AreniscasM\"]}]}<\/script>\n<!-- \/ Yoast SEO plugin. -->","yoast_head_json":{"title":"Nuestro producto - Sorrenc","robots":{"index":"index","follow":"follow","max-snippet":"max-snippet:-1","max-image-preview":"max-image-preview:large","max-video-preview":"max-video-preview:-1"},"canonical":"https:\/\/www.sorrenc.com\/es\/nuestro-producto\/","og_locale":"es_ES","og_type":"article","og_title":"Nuestro producto - Sorrenc","og_url":"https:\/\/www.sorrenc.com\/es\/nuestro-producto\/","og_site_name":"Sorrenc","article_publisher":"http:\/\/www.sorrenc.com","article_modified_time":"2017-08-28T15:33:20+00:00","twitter_card":"summary_large_image","twitter_site":"@AreniscasM","twitter_misc":{"Tiempo de lectura":"9 minutos"},"schema":{"@context":"https:\/\/schema.org","@graph":[{"@type":"WebPage","@id":"https:\/\/www.sorrenc.com\/es\/nuestro-producto\/","url":"https:\/\/www.sorrenc.com\/es\/nuestro-producto\/","name":"Nuestro producto - Sorrenc","isPartOf":{"@id":"https:\/\/www.sorrenc.com\/es\/#website"},"datePublished":"2017-01-28T18:18:07+00:00","dateModified":"2017-08-28T15:33:20+00:00","breadcrumb":{"@id":"https:\/\/www.sorrenc.com\/es\/nuestro-producto\/#breadcrumb"},"inLanguage":"es","potentialAction":[{"@type":"ReadAction","target":["https:\/\/www.sorrenc.com\/es\/nuestro-producto\/"]}]},{"@type":"BreadcrumbList","@id":"https:\/\/www.sorrenc.com\/es\/nuestro-producto\/#breadcrumb","itemListElement":[{"@type":"ListItem","position":1,"name":"Inici","item":"https:\/\/www.sorrenc.com\/es\/"},{"@type":"ListItem","position":2,"name":"Nuestro producto"}]},{"@type":"WebSite","@id":"https:\/\/www.sorrenc.com\/es\/#website","url":"https:\/\/www.sorrenc.com\/es\/","name":"Sorrenc","description":"Areniscas Monistrol","publisher":{"@id":"https:\/\/www.sorrenc.com\/es\/#organization"},"potentialAction":[{"@type":"SearchAction","target":{"@type":"EntryPoint","urlTemplate":"https:\/\/www.sorrenc.com\/es\/?s={search_term_string}"},"query-input":{"@type":"PropertyValueSpecification","valueRequired":true,"valueName":"search_term_string"}}],"inLanguage":"es"},{"@type":"Organization","@id":"https:\/\/www.sorrenc.com\/es\/#organization","name":"ARENISCAS MONISTROL, S.L.","url":"https:\/\/www.sorrenc.com\/es\/","logo":{"@type":"ImageObject","inLanguage":"es","@id":"https:\/\/www.sorrenc.com\/es\/#\/schema\/logo\/image\/","url":"https:\/\/www.sorrenc.com\/wp-content\/uploads\/2020\/12\/Sorrenc-GMAIL-Firma-horitzontal.png","contentUrl":"https:\/\/www.sorrenc.com\/wp-content\/uploads\/2020\/12\/Sorrenc-GMAIL-Firma-horitzontal.png","width":486,"height":125,"caption":"ARENISCAS MONISTROL, S.L."},"image":{"@id":"https:\/\/www.sorrenc.com\/es\/#\/schema\/logo\/image\/"},"sameAs":["http:\/\/www.sorrenc.com","https:\/\/x.com\/AreniscasM"]}]}},"_links":{"self":[{"href":"https:\/\/www.sorrenc.com\/es\/wp-json\/wp\/v2\/pages\/1135","targetHints":{"allow":["GET"]}}],"collection":[{"href":"https:\/\/www.sorrenc.com\/es\/wp-json\/wp\/v2\/pages"}],"about":[{"href":"https:\/\/www.sorrenc.com\/es\/wp-json\/wp\/v2\/types\/page"}],"author":[{"embeddable":true,"href":"https:\/\/www.sorrenc.com\/es\/wp-json\/wp\/v2\/users\/1"}],"replies":[{"embeddable":true,"href":"https:\/\/www.sorrenc.com\/es\/wp-json\/wp\/v2\/comments?post=1135"}],"version-history":[{"count":15,"href":"https:\/\/www.sorrenc.com\/es\/wp-json\/wp\/v2\/pages\/1135\/revisions"}],"predecessor-version":[{"id":2121,"href":"https:\/\/www.sorrenc.com\/es\/wp-json\/wp\/v2\/pages\/1135\/revisions\/2121"}],"wp:attachment":[{"href":"https:\/\/www.sorrenc.com\/es\/wp-json\/wp\/v2\/media?parent=1135"}],"curies":[{"name":"wp","href":"https:\/\/api.w.org\/{rel}","templated":true}]}}