{"id":1162,"date":"2017-01-28T19:15:43","date_gmt":"2017-01-28T18:15:43","guid":{"rendered":"http:\/\/www.sorrenc.com\/engineering\/"},"modified":"2021-06-04T10:12:05","modified_gmt":"2021-06-04T09:12:05","slug":"arte-funerario","status":"publish","type":"page","link":"https:\/\/www.sorrenc.com\/es\/servicios\/arte-funerario\/","title":{"rendered":"Arte funerario"},"content":{"rendered":"<p><div class=\"fusion-bg-parallax\" data-bg-align=\"left bottom\" data-direction=\"up\" data-mute=\"false\" data-opacity=\"100\" data-velocity=\"-0.3\" data-mobile-enabled=\"false\" data-break_parents=\"0\" data-bg-image=\"http:\/\/www.sorrenc.com\/wp-content\/uploads\/2017\/01\/art_funerari_dark.jpg\" data-bg-repeat=\"false\" ><\/div><div class=\"fusion-fullwidth fullwidth-box fusion-builder-row-1 fusion-parallax-up nonhundred-percent-fullwidth non-hundred-percent-height-scrolling\" style=\"--awb-background-position:left bottom;--awb-border-sizes-top:0px;--awb-border-sizes-bottom:0px;--awb-border-sizes-left:0px;--awb-border-sizes-right:0px;--awb-border-radius-top-left:0px;--awb-border-radius-top-right:0px;--awb-border-radius-bottom-right:0px;--awb-border-radius-bottom-left:0px;--awb-padding-top:130px;--awb-padding-bottom:120px;--awb-background-image:url(&quot;http:\/\/www.sorrenc.com\/wp-content\/uploads\/2017\/01\/art_funerari_dark.jpg&quot;);--awb-background-size:cover;--awb-flex-wrap:wrap;\" ><div class=\"fusion-builder-row fusion-row\"><div class=\"fusion-layout-column fusion_builder_column fusion-builder-column-0 fusion_builder_column_1_1 1_1 fusion-one-full fusion-column-first fusion-column-last\" style=\"--awb-bg-size:cover;\"><div class=\"fusion-column-wrapper fusion-flex-column-wrapper-legacy\"><div class=\"fusion-text fusion-text-1\"><h2 style=\"text-align: center;\"><span style=\"color: #ffffff;\">Arte funerario<\/span><\/h2>\n<p style=\"text-align: center;\"><span style=\"color: #ffffff; font-size: 20px;\"><strong>El arte funerario varia su concepci\u00f3n a lo largo de la historia en funci\u00f3n de la religi\u00f3n y las civilizaciones.<\/strong><br \/>\nTodas las expresiones de arte han sido utilizadas con finalidades funerarias: pintura, escultura, arquitectura y cer\u00e1mica. <\/span><\/p>\n<\/div><div class=\"fusion-sep-clear\"><\/div><div class=\"fusion-separator fusion-full-width-sep\" style=\"margin-left: auto;margin-right: auto;margin-top:20px;width:100%;\"><\/div><div class=\"fusion-sep-clear\"><\/div><div class=\"fusion-clearfix\"><\/div><\/div><\/div><\/div><\/div><div class=\"fusion-fullwidth fullwidth-box fusion-builder-row-2 nonhundred-percent-fullwidth non-hundred-percent-height-scrolling\" style=\"--awb-background-position:left top;--awb-border-sizes-top:0px;--awb-border-sizes-bottom:0px;--awb-border-sizes-left:0px;--awb-border-sizes-right:0px;--awb-border-radius-top-left:0px;--awb-border-radius-top-right:0px;--awb-border-radius-bottom-right:0px;--awb-border-radius-bottom-left:0px;--awb-padding-top:40px;--awb-padding-bottom:130px;--awb-flex-wrap:wrap;\" ><div class=\"fusion-builder-row fusion-row\"><div class=\"fusion-layout-column fusion_builder_column fusion-builder-column-1 fusion_builder_column_2_3 2_3 fusion-two-third fusion-column-first\" style=\"--awb-bg-size:cover;width:65.3333%; margin-right: 4%;\"><div class=\"fusion-column-wrapper fusion-flex-column-wrapper-legacy\"><div class=\"fusion-text fusion-text-2\"><h2>ARTE FUNERARIO<\/h2>\n<\/div><div class=\"fusion-sep-clear\"><\/div><div class=\"fusion-separator fusion-clearfix\" style=\"float:left;margin-top:0px;margin-bottom:35px;width:100%;max-width:170px;\"><div class=\"fusion-separator-border sep-single sep-solid\" style=\"--awb-height:20px;--awb-amount:20px;--awb-sep-color:#e2e3e8;border-color:#e2e3e8;border-top-width:3px;\"><\/div><\/div><div class=\"fusion-sep-clear\"><\/div><div class=\"fusion-text fusion-text-3\"><p>El arte funerario a lo largo de la historia var\u00eda su concepci\u00f3n en funci\u00f3n de la religi\u00f3n y las civilizaciones. Todas las expresiones de arte se han usado para finalidades funerarias : pintura, escultura, aqruitectura y cer\u00e1mica. A lo largo de la historia encontramos dentro del arte funerario aut\u00e9nticas obras de artes que tienen una gran belleza y una excelente t\u00e9cnica art\u00edstica.<\/p>\n<p>Es en el priodo medieval donde proliferan m\u00e1s obras de caracter funerario : sepulturas, tumbas, panteones\u2026. La ornamentaci\u00f3n en este arte es vegetal y narrativa, el carcater ef\u00edmero de las flores recordando la vida que tambi\u00e9n es ef\u00edmera y la simbolog\u00eda de ciertos vegetales con la hiedra y el follaje de la parra hacen que las plantas sea un tema recurrente en el arte funerario. Los motivos en senefas recuerdan las enramadas de las plantas. Cada \u00e9poca representa las plantas con su propio estilo. Tambi\u00e9n podemos encontra esculturas adyacentes .<\/p>\n<p>Areniscas Monistrol, S.L, ofrecemos un servicio de arte funerario para nuestros clientes. Fabricamos l\u00e1pidas con diferentes materiales y colores, panteones personalizados y esculturas. Tambi\u00e9n restauramos los panteones existentes.<\/p>\n<\/div><div class=\"fusion-clearfix\"><\/div><\/div><\/div><div class=\"fusion-layout-column fusion_builder_column fusion-builder-column-2 fusion_builder_column_1_3 1_3 fusion-one-third fusion-column-last\" style=\"--awb-bg-size:cover;width:30.6666%;\"><div class=\"fusion-column-wrapper fusion-flex-column-wrapper-legacy\"><div class=\"fusion-image-element in-legacy-container\" style=\"--awb-caption-title-font-family:var(--h2_typography-font-family);--awb-caption-title-font-weight:var(--h2_typography-font-weight);--awb-caption-title-font-style:var(--h2_typography-font-style);--awb-caption-title-size:var(--h2_typography-font-size);--awb-caption-title-transform:var(--h2_typography-text-transform);--awb-caption-title-line-height:var(--h2_typography-line-height);--awb-caption-title-letter-spacing:var(--h2_typography-letter-spacing);\"><span class=\" fusion-imageframe imageframe-none imageframe-1 hover-type-zoomin fusion-animated\" data-animationType=\"fadeInDown\" data-animationDuration=\"1.0\" data-animationOffset=\"top-into-view\"><a href=\"http:\/\/www.sorrenc.com\/wp-content\/uploads\/2017\/01\/restauracio400_2.jpg\" class=\"fusion-lightbox\" data-rel=\"iLightbox[1383222b21cd9ffa05f]\" data-title=\"restauracio400_2\" title=\"restauracio400_2\"><img decoding=\"async\" width=\"400\" height=\"400\" src=\"http:\/\/www.sorrenc.com\/wp-content\/uploads\/2017\/01\/restauracio400_2.jpg\" alt class=\"img-responsive wp-image-1454\" srcset=\"https:\/\/www.sorrenc.com\/wp-content\/uploads\/2017\/01\/restauracio400_2-200x200.jpg 200w, https:\/\/www.sorrenc.com\/wp-content\/uploads\/2017\/01\/restauracio400_2.jpg 400w\" sizes=\"(max-width: 800px) 100vw, 400px\" \/><\/a><\/span><\/div><div class=\"fusion-clearfix\"><\/div><\/div><\/div><div class=\"fusion-layout-column fusion_builder_column fusion-builder-column-3 fusion_builder_column_1_3 1_3 fusion-one-third fusion-column-first\" style=\"--awb-bg-size:cover;width:33.333333333333%;width:calc(33.333333333333% - ( ( 4% + 4% ) * 0.33333333333333 ) );margin-right: 4%;\"><div class=\"fusion-column-wrapper fusion-flex-column-wrapper-legacy\"><div class=\"fusion-image-element in-legacy-container\" style=\"--awb-caption-title-font-family:var(--h2_typography-font-family);--awb-caption-title-font-weight:var(--h2_typography-font-weight);--awb-caption-title-font-style:var(--h2_typography-font-style);--awb-caption-title-size:var(--h2_typography-font-size);--awb-caption-title-transform:var(--h2_typography-text-transform);--awb-caption-title-line-height:var(--h2_typography-line-height);--awb-caption-title-letter-spacing:var(--h2_typography-letter-spacing);\"><span class=\" fusion-imageframe imageframe-none imageframe-2 hover-type-none\"><img decoding=\"async\" width=\"576\" height=\"1024\" title=\"01042017-20170401_102857\" src=\"http:\/\/www.sorrenc.com\/wp-content\/uploads\/2017\/09\/01042017-20170401_102857-576x1024.jpg\" alt class=\"img-responsive wp-image-2217\" srcset=\"https:\/\/www.sorrenc.com\/wp-content\/uploads\/2017\/09\/01042017-20170401_102857-200x355.jpg 200w, https:\/\/www.sorrenc.com\/wp-content\/uploads\/2017\/09\/01042017-20170401_102857-400x711.jpg 400w, https:\/\/www.sorrenc.com\/wp-content\/uploads\/2017\/09\/01042017-20170401_102857-600x1066.jpg 600w, https:\/\/www.sorrenc.com\/wp-content\/uploads\/2017\/09\/01042017-20170401_102857.jpg 608w\" sizes=\"(max-width: 800px) 100vw, 400px\" \/><\/span><\/div><div class=\"fusion-clearfix\"><\/div><\/div><\/div><div class=\"fusion-layout-column fusion_builder_column fusion-builder-column-4 fusion_builder_column_1_3 1_3 fusion-one-third\" style=\"--awb-bg-size:cover;width:33.333333333333%;width:calc(33.333333333333% - ( ( 4% + 4% ) * 0.33333333333333 ) );margin-right: 4%;\"><div class=\"fusion-column-wrapper fusion-flex-column-wrapper-legacy\"><div class=\"fusion-image-element in-legacy-container\" style=\"--awb-caption-title-font-family:var(--h2_typography-font-family);--awb-caption-title-font-weight:var(--h2_typography-font-weight);--awb-caption-title-font-style:var(--h2_typography-font-style);--awb-caption-title-size:var(--h2_typography-font-size);--awb-caption-title-transform:var(--h2_typography-text-transform);--awb-caption-title-line-height:var(--h2_typography-line-height);--awb-caption-title-letter-spacing:var(--h2_typography-letter-spacing);\"><span class=\" fusion-imageframe imageframe-none imageframe-3 hover-type-none\"><img decoding=\"async\" width=\"576\" height=\"1024\" title=\"01042017-20170401_102908\" src=\"http:\/\/www.sorrenc.com\/wp-content\/uploads\/2017\/09\/01042017-20170401_102908-576x1024.jpg\" alt class=\"img-responsive wp-image-2216\" srcset=\"https:\/\/www.sorrenc.com\/wp-content\/uploads\/2017\/09\/01042017-20170401_102908-200x355.jpg 200w, https:\/\/www.sorrenc.com\/wp-content\/uploads\/2017\/09\/01042017-20170401_102908-400x711.jpg 400w, https:\/\/www.sorrenc.com\/wp-content\/uploads\/2017\/09\/01042017-20170401_102908-600x1066.jpg 600w, https:\/\/www.sorrenc.com\/wp-content\/uploads\/2017\/09\/01042017-20170401_102908.jpg 608w\" sizes=\"(max-width: 800px) 100vw, 400px\" \/><\/span><\/div><div class=\"fusion-clearfix\"><\/div><\/div><\/div><div class=\"fusion-layout-column fusion_builder_column fusion-builder-column-5 fusion_builder_column_1_3 1_3 fusion-one-third fusion-column-last\" style=\"--awb-bg-size:cover;width:33.333333333333%;width:calc(33.333333333333% - ( ( 4% + 4% ) * 0.33333333333333 ) );\"><div class=\"fusion-column-wrapper fusion-flex-column-wrapper-legacy\"><div class=\"fusion-image-element in-legacy-container\" style=\"--awb-caption-title-font-family:var(--h2_typography-font-family);--awb-caption-title-font-weight:var(--h2_typography-font-weight);--awb-caption-title-font-style:var(--h2_typography-font-style);--awb-caption-title-size:var(--h2_typography-font-size);--awb-caption-title-transform:var(--h2_typography-text-transform);--awb-caption-title-line-height:var(--h2_typography-line-height);--awb-caption-title-letter-spacing:var(--h2_typography-letter-spacing);\"><span class=\" fusion-imageframe imageframe-none imageframe-4 hover-type-none\"><img decoding=\"async\" width=\"576\" height=\"1024\" title=\"01042017-20170401_102918\" src=\"http:\/\/www.sorrenc.com\/wp-content\/uploads\/2017\/09\/01042017-20170401_102918-576x1024.jpg\" alt class=\"img-responsive wp-image-2215\" srcset=\"https:\/\/www.sorrenc.com\/wp-content\/uploads\/2017\/09\/01042017-20170401_102918-200x355.jpg 200w, https:\/\/www.sorrenc.com\/wp-content\/uploads\/2017\/09\/01042017-20170401_102918-400x711.jpg 400w, https:\/\/www.sorrenc.com\/wp-content\/uploads\/2017\/09\/01042017-20170401_102918-600x1066.jpg 600w, https:\/\/www.sorrenc.com\/wp-content\/uploads\/2017\/09\/01042017-20170401_102918.jpg 608w\" sizes=\"(max-width: 800px) 100vw, 400px\" \/><\/span><\/div><div class=\"fusion-clearfix\"><\/div><\/div><\/div><\/div><\/div><\/p>\n","protected":false},"excerpt":{"rendered":"","protected":false},"author":1,"featured_media":0,"parent":1117,"menu_order":0,"comment_status":"closed","ping_status":"open","template":"","meta":{"footnotes":""},"class_list":["post-1162","page","type-page","status-publish","hentry"],"yoast_head":"<!-- This site is optimized with the Yoast SEO plugin v24.9 - https:\/\/yoast.com\/wordpress\/plugins\/seo\/ -->\n<title>Arte funerario - Sorrenc<\/title>\n<meta name=\"robots\" content=\"index, follow, max-snippet:-1, max-image-preview:large, max-video-preview:-1\" \/>\n<link rel=\"canonical\" href=\"https:\/\/www.sorrenc.com\/es\/servicios\/arte-funerario\/\" \/>\n<meta property=\"og:locale\" content=\"es_ES\" \/>\n<meta property=\"og:type\" content=\"article\" \/>\n<meta property=\"og:title\" content=\"Arte funerario - Sorrenc\" \/>\n<meta property=\"og:url\" content=\"https:\/\/www.sorrenc.com\/es\/servicios\/arte-funerario\/\" \/>\n<meta property=\"og:site_name\" content=\"Sorrenc\" \/>\n<meta property=\"article:publisher\" content=\"http:\/\/www.sorrenc.com\" \/>\n<meta property=\"article:modified_time\" content=\"2021-06-04T09:12:05+00:00\" \/>\n<meta name=\"twitter:card\" content=\"summary_large_image\" \/>\n<meta name=\"twitter:site\" content=\"@AreniscasM\" \/>\n<meta name=\"twitter:label1\" content=\"Tiempo de lectura\" \/>\n\t<meta name=\"twitter:data1\" content=\"8 minutos\" \/>\n<script type=\"application\/ld+json\" class=\"yoast-schema-graph\">{\"@context\":\"https:\/\/schema.org\",\"@graph\":[{\"@type\":\"WebPage\",\"@id\":\"https:\/\/www.sorrenc.com\/es\/servicios\/arte-funerario\/\",\"url\":\"https:\/\/www.sorrenc.com\/es\/servicios\/arte-funerario\/\",\"name\":\"Arte funerario - Sorrenc\",\"isPartOf\":{\"@id\":\"https:\/\/www.sorrenc.com\/es\/#website\"},\"datePublished\":\"2017-01-28T18:15:43+00:00\",\"dateModified\":\"2021-06-04T09:12:05+00:00\",\"breadcrumb\":{\"@id\":\"https:\/\/www.sorrenc.com\/es\/servicios\/arte-funerario\/#breadcrumb\"},\"inLanguage\":\"es\",\"potentialAction\":[{\"@type\":\"ReadAction\",\"target\":[\"https:\/\/www.sorrenc.com\/es\/servicios\/arte-funerario\/\"]}]},{\"@type\":\"BreadcrumbList\",\"@id\":\"https:\/\/www.sorrenc.com\/es\/servicios\/arte-funerario\/#breadcrumb\",\"itemListElement\":[{\"@type\":\"ListItem\",\"position\":1,\"name\":\"Inici\",\"item\":\"https:\/\/www.sorrenc.com\/es\/\"},{\"@type\":\"ListItem\",\"position\":2,\"name\":\"Servicios\",\"item\":\"https:\/\/www.sorrenc.com\/es\/servicios\/\"},{\"@type\":\"ListItem\",\"position\":3,\"name\":\"Arte funerario\"}]},{\"@type\":\"WebSite\",\"@id\":\"https:\/\/www.sorrenc.com\/es\/#website\",\"url\":\"https:\/\/www.sorrenc.com\/es\/\",\"name\":\"Sorrenc\",\"description\":\"Areniscas Monistrol\",\"publisher\":{\"@id\":\"https:\/\/www.sorrenc.com\/es\/#organization\"},\"potentialAction\":[{\"@type\":\"SearchAction\",\"target\":{\"@type\":\"EntryPoint\",\"urlTemplate\":\"https:\/\/www.sorrenc.com\/es\/?s={search_term_string}\"},\"query-input\":{\"@type\":\"PropertyValueSpecification\",\"valueRequired\":true,\"valueName\":\"search_term_string\"}}],\"inLanguage\":\"es\"},{\"@type\":\"Organization\",\"@id\":\"https:\/\/www.sorrenc.com\/es\/#organization\",\"name\":\"ARENISCAS MONISTROL, S.L.\",\"url\":\"https:\/\/www.sorrenc.com\/es\/\",\"logo\":{\"@type\":\"ImageObject\",\"inLanguage\":\"es\",\"@id\":\"https:\/\/www.sorrenc.com\/es\/#\/schema\/logo\/image\/\",\"url\":\"https:\/\/www.sorrenc.com\/wp-content\/uploads\/2020\/12\/Sorrenc-GMAIL-Firma-horitzontal.png\",\"contentUrl\":\"https:\/\/www.sorrenc.com\/wp-content\/uploads\/2020\/12\/Sorrenc-GMAIL-Firma-horitzontal.png\",\"width\":486,\"height\":125,\"caption\":\"ARENISCAS MONISTROL, S.L.\"},\"image\":{\"@id\":\"https:\/\/www.sorrenc.com\/es\/#\/schema\/logo\/image\/\"},\"sameAs\":[\"http:\/\/www.sorrenc.com\",\"https:\/\/x.com\/AreniscasM\"]}]}<\/script>\n<!-- \/ Yoast SEO plugin. -->","yoast_head_json":{"title":"Arte funerario - Sorrenc","robots":{"index":"index","follow":"follow","max-snippet":"max-snippet:-1","max-image-preview":"max-image-preview:large","max-video-preview":"max-video-preview:-1"},"canonical":"https:\/\/www.sorrenc.com\/es\/servicios\/arte-funerario\/","og_locale":"es_ES","og_type":"article","og_title":"Arte funerario - Sorrenc","og_url":"https:\/\/www.sorrenc.com\/es\/servicios\/arte-funerario\/","og_site_name":"Sorrenc","article_publisher":"http:\/\/www.sorrenc.com","article_modified_time":"2021-06-04T09:12:05+00:00","twitter_card":"summary_large_image","twitter_site":"@AreniscasM","twitter_misc":{"Tiempo de lectura":"8 minutos"},"schema":{"@context":"https:\/\/schema.org","@graph":[{"@type":"WebPage","@id":"https:\/\/www.sorrenc.com\/es\/servicios\/arte-funerario\/","url":"https:\/\/www.sorrenc.com\/es\/servicios\/arte-funerario\/","name":"Arte funerario - Sorrenc","isPartOf":{"@id":"https:\/\/www.sorrenc.com\/es\/#website"},"datePublished":"2017-01-28T18:15:43+00:00","dateModified":"2021-06-04T09:12:05+00:00","breadcrumb":{"@id":"https:\/\/www.sorrenc.com\/es\/servicios\/arte-funerario\/#breadcrumb"},"inLanguage":"es","potentialAction":[{"@type":"ReadAction","target":["https:\/\/www.sorrenc.com\/es\/servicios\/arte-funerario\/"]}]},{"@type":"BreadcrumbList","@id":"https:\/\/www.sorrenc.com\/es\/servicios\/arte-funerario\/#breadcrumb","itemListElement":[{"@type":"ListItem","position":1,"name":"Inici","item":"https:\/\/www.sorrenc.com\/es\/"},{"@type":"ListItem","position":2,"name":"Servicios","item":"https:\/\/www.sorrenc.com\/es\/servicios\/"},{"@type":"ListItem","position":3,"name":"Arte funerario"}]},{"@type":"WebSite","@id":"https:\/\/www.sorrenc.com\/es\/#website","url":"https:\/\/www.sorrenc.com\/es\/","name":"Sorrenc","description":"Areniscas Monistrol","publisher":{"@id":"https:\/\/www.sorrenc.com\/es\/#organization"},"potentialAction":[{"@type":"SearchAction","target":{"@type":"EntryPoint","urlTemplate":"https:\/\/www.sorrenc.com\/es\/?s={search_term_string}"},"query-input":{"@type":"PropertyValueSpecification","valueRequired":true,"valueName":"search_term_string"}}],"inLanguage":"es"},{"@type":"Organization","@id":"https:\/\/www.sorrenc.com\/es\/#organization","name":"ARENISCAS MONISTROL, S.L.","url":"https:\/\/www.sorrenc.com\/es\/","logo":{"@type":"ImageObject","inLanguage":"es","@id":"https:\/\/www.sorrenc.com\/es\/#\/schema\/logo\/image\/","url":"https:\/\/www.sorrenc.com\/wp-content\/uploads\/2020\/12\/Sorrenc-GMAIL-Firma-horitzontal.png","contentUrl":"https:\/\/www.sorrenc.com\/wp-content\/uploads\/2020\/12\/Sorrenc-GMAIL-Firma-horitzontal.png","width":486,"height":125,"caption":"ARENISCAS MONISTROL, S.L."},"image":{"@id":"https:\/\/www.sorrenc.com\/es\/#\/schema\/logo\/image\/"},"sameAs":["http:\/\/www.sorrenc.com","https:\/\/x.com\/AreniscasM"]}]}},"_links":{"self":[{"href":"https:\/\/www.sorrenc.com\/es\/wp-json\/wp\/v2\/pages\/1162","targetHints":{"allow":["GET"]}}],"collection":[{"href":"https:\/\/www.sorrenc.com\/es\/wp-json\/wp\/v2\/pages"}],"about":[{"href":"https:\/\/www.sorrenc.com\/es\/wp-json\/wp\/v2\/types\/page"}],"author":[{"embeddable":true,"href":"https:\/\/www.sorrenc.com\/es\/wp-json\/wp\/v2\/users\/1"}],"replies":[{"embeddable":true,"href":"https:\/\/www.sorrenc.com\/es\/wp-json\/wp\/v2\/comments?post=1162"}],"version-history":[{"count":8,"href":"https:\/\/www.sorrenc.com\/es\/wp-json\/wp\/v2\/pages\/1162\/revisions"}],"predecessor-version":[{"id":2832,"href":"https:\/\/www.sorrenc.com\/es\/wp-json\/wp\/v2\/pages\/1162\/revisions\/2832"}],"up":[{"embeddable":true,"href":"https:\/\/www.sorrenc.com\/es\/wp-json\/wp\/v2\/pages\/1117"}],"wp:attachment":[{"href":"https:\/\/www.sorrenc.com\/es\/wp-json\/wp\/v2\/media?parent=1162"}],"curies":[{"name":"wp","href":"https:\/\/api.w.org\/{rel}","templated":true}]}}