{"id":1879,"date":"2017-05-04T19:48:12","date_gmt":"2017-05-04T18:48:12","guid":{"rendered":"http:\/\/www.sorrenc.com\/arcs-de-pedra\/"},"modified":"2017-07-10T18:51:11","modified_gmt":"2017-07-10T17:51:11","slug":"arcos-de-piedra","status":"publish","type":"page","link":"https:\/\/www.sorrenc.com\/es\/arcos-de-piedra\/","title":{"rendered":"Arcos"},"content":{"rendered":"<div class=\"fusion-fullwidth fullwidth-box fusion-builder-row-1 nonhundred-percent-fullwidth non-hundred-percent-height-scrolling\" style=\"--awb-border-radius-top-left:0px;--awb-border-radius-top-right:0px;--awb-border-radius-bottom-right:0px;--awb-border-radius-bottom-left:0px;--awb-padding-top:20px;--awb-padding-bottom:20px;--awb-flex-wrap:wrap;\" ><div class=\"fusion-builder-row fusion-row\"><div class=\"fusion-layout-column fusion_builder_column fusion-builder-column-0 fusion_builder_column_1_1 1_1 fusion-one-full fusion-column-first fusion-column-last\" style=\"--awb-bg-size:cover;\"><div class=\"fusion-column-wrapper fusion-flex-column-wrapper-legacy\"><div class=\"fusion-text fusion-text-1\"><h2>Arcos de Piedra<\/h2>\n<\/div><div class=\"fusion-sep-clear\"><\/div><div class=\"fusion-separator fusion-clearfix\" style=\"float:left;margin-top:0px;margin-bottom:35px;width:100%;max-width:170px;\"><div class=\"fusion-separator-border sep-single sep-solid\" style=\"--awb-height:20px;--awb-amount:20px;--awb-sep-color:#e2e3e8;border-color:#e2e3e8;border-top-width:3px;\"><\/div><\/div><div class=\"fusion-sep-clear\"><\/div><div class=\"fusion-text fusion-text-2\"><p>Con la piedra arenisca natural se pueden hacer diferentes tipos de arcos, de diferentes formas y estilos: arcos de medio punto, arco de ferradura, arcos circulares, arcos semicirculares, arcos ojivales, arcos de punta de lanza, arcos florentinos, arcos venecianos&#8230;.etc<\/p>\n<\/div><div class=\"fusion-clearfix\"><\/div><\/div><\/div><div class=\"fusion-layout-column fusion_builder_column fusion-builder-column-1 fusion_builder_column_1_3 1_3 fusion-one-third fusion-column-first\" style=\"--awb-bg-size:cover;width:33.333333333333%;width:calc(33.333333333333% - ( ( 4% + 4% ) * 0.33333333333333 ) );margin-right: 4%;\"><div class=\"fusion-column-wrapper fusion-flex-column-wrapper-legacy\"><div class=\"fusion-image-element in-legacy-container\" style=\"--awb-bottom-shadow-color:rgba(0,0,0,0.4);--awb-caption-title-font-family:var(--h2_typography-font-family);--awb-caption-title-font-weight:var(--h2_typography-font-weight);--awb-caption-title-font-style:var(--h2_typography-font-style);--awb-caption-title-size:var(--h2_typography-font-size);--awb-caption-title-transform:var(--h2_typography-text-transform);--awb-caption-title-line-height:var(--h2_typography-line-height);--awb-caption-title-letter-spacing:var(--h2_typography-letter-spacing);\"><div class=\"awb-image-frame awb-image-frame-1 awb-bottomshadow\"><span class=\" fusion-imageframe imageframe-bottomshadow imageframe-1 hover-type-none\"><img decoding=\"async\" width=\"206\" height=\"213\" title=\"arcs\" src=\"http:\/\/www.sorrenc.com\/wp-content\/uploads\/2017\/01\/arcs.jpg\" alt class=\"img-responsive wp-image-1480\"\/><\/span><svg xmlns=\"http:\/\/www.w3.org\/2000\/svg\" version=\"1.1\" width=\"100%\" viewBox=\"0 0 600 28\" preserveAspectRatio=\"none\"><g clip-path=\"url(#a)\"><mask id=\"b\" style=\"mask-type:luminance\" maskUnits=\"userSpaceOnUse\" x=\"0\" y=\"0\" width=\"600\" height=\"28\"><path d=\"M0 0h600v28H0V0Z\" fill=\"#fff\"\/><\/mask><g filter=\"url(#c)\" mask=\"url(#b)\"><path d=\"M16.439-18.667h567.123v30.8S438.961-8.4 300-8.4C161.04-8.4 16.438 12.133 16.438 12.133v-30.8Z\" fill=\"#000\"\/><\/g><\/g><defs><clipPath id=\"a\"><path fill=\"#fff\" d=\"M0 0h600v28H0z\"\/><\/clipPath><filter id=\"c\" x=\"5.438\" y=\"-29.667\" width=\"589.123\" height=\"52.8\" filterUnits=\"userSpaceOnUse\" color-interpolation-filters=\"sRGB\"><feFlood flood-opacity=\"0\" result=\"BackgroundImageFix\"\/><feBlend in=\"SourceGraphic\" in2=\"BackgroundImageFix\" result=\"shape\"\/><feGaussianBlur stdDeviation=\"5.5\" result=\"effect1_foregroundBlur_3983_183\"\/><\/filter><\/defs><\/svg><\/div><\/div><div class=\"fusion-clearfix\"><\/div><\/div><\/div><div class=\"fusion-layout-column fusion_builder_column fusion-builder-column-2 fusion_builder_column_1_3 1_3 fusion-one-third\" style=\"--awb-bg-size:cover;width:33.333333333333%;width:calc(33.333333333333% - ( ( 4% + 4% ) * 0.33333333333333 ) );margin-right: 4%;\"><div class=\"fusion-column-wrapper fusion-flex-column-wrapper-legacy\"><div class=\"fusion-image-element in-legacy-container\" style=\"--awb-bottom-shadow-color:rgba(0,0,0,0.4);--awb-caption-title-font-family:var(--h2_typography-font-family);--awb-caption-title-font-weight:var(--h2_typography-font-weight);--awb-caption-title-font-style:var(--h2_typography-font-style);--awb-caption-title-size:var(--h2_typography-font-size);--awb-caption-title-transform:var(--h2_typography-text-transform);--awb-caption-title-line-height:var(--h2_typography-line-height);--awb-caption-title-letter-spacing:var(--h2_typography-letter-spacing);\"><div class=\"awb-image-frame awb-image-frame-2 awb-bottomshadow\"><span class=\" fusion-imageframe imageframe-bottomshadow imageframe-2 hover-type-none\"><img decoding=\"async\" width=\"300\" height=\"225\" title=\"producte_acabat21_thumb\" src=\"http:\/\/www.sorrenc.com\/wp-content\/uploads\/2017\/05\/producte_acabat21_thumb.jpg\" alt class=\"img-responsive wp-image-1769\" srcset=\"https:\/\/www.sorrenc.com\/wp-content\/uploads\/2017\/05\/producte_acabat21_thumb-200x150.jpg 200w, https:\/\/www.sorrenc.com\/wp-content\/uploads\/2017\/05\/producte_acabat21_thumb.jpg 300w\" sizes=\"(max-width: 800px) 100vw, 300px\" \/><\/span><svg xmlns=\"http:\/\/www.w3.org\/2000\/svg\" version=\"1.1\" width=\"100%\" viewBox=\"0 0 600 28\" preserveAspectRatio=\"none\"><g clip-path=\"url(#a)\"><mask id=\"b\" style=\"mask-type:luminance\" maskUnits=\"userSpaceOnUse\" x=\"0\" y=\"0\" width=\"600\" height=\"28\"><path d=\"M0 0h600v28H0V0Z\" fill=\"#fff\"\/><\/mask><g filter=\"url(#c)\" mask=\"url(#b)\"><path d=\"M16.439-18.667h567.123v30.8S438.961-8.4 300-8.4C161.04-8.4 16.438 12.133 16.438 12.133v-30.8Z\" fill=\"#000\"\/><\/g><\/g><defs><clipPath id=\"a\"><path fill=\"#fff\" d=\"M0 0h600v28H0z\"\/><\/clipPath><filter id=\"c\" x=\"5.438\" y=\"-29.667\" width=\"589.123\" height=\"52.8\" filterUnits=\"userSpaceOnUse\" color-interpolation-filters=\"sRGB\"><feFlood flood-opacity=\"0\" result=\"BackgroundImageFix\"\/><feBlend in=\"SourceGraphic\" in2=\"BackgroundImageFix\" result=\"shape\"\/><feGaussianBlur stdDeviation=\"5.5\" result=\"effect1_foregroundBlur_3983_183\"\/><\/filter><\/defs><\/svg><\/div><\/div><div class=\"fusion-clearfix\"><\/div><\/div><\/div><div class=\"fusion-layout-column fusion_builder_column fusion-builder-column-3 fusion_builder_column_1_3 1_3 fusion-one-third fusion-column-last\" style=\"--awb-bg-size:cover;width:33.333333333333%;width:calc(33.333333333333% - ( ( 4% + 4% ) * 0.33333333333333 ) );\"><div class=\"fusion-column-wrapper fusion-flex-column-wrapper-legacy\"><div class=\"fusion-image-element in-legacy-container\" style=\"--awb-bottom-shadow-color:rgba(0,0,0,0.4);--awb-caption-title-font-family:var(--h2_typography-font-family);--awb-caption-title-font-weight:var(--h2_typography-font-weight);--awb-caption-title-font-style:var(--h2_typography-font-style);--awb-caption-title-size:var(--h2_typography-font-size);--awb-caption-title-transform:var(--h2_typography-text-transform);--awb-caption-title-line-height:var(--h2_typography-line-height);--awb-caption-title-letter-spacing:var(--h2_typography-letter-spacing);\"><div class=\"awb-image-frame awb-image-frame-3 awb-bottomshadow\"><span class=\" fusion-imageframe imageframe-bottomshadow imageframe-3 hover-type-none\"><img decoding=\"async\" width=\"1024\" height=\"717\" title=\"producte_acabat1\" src=\"http:\/\/www.sorrenc.com\/wp-content\/uploads\/2017\/05\/producte_acabat1-e1493923660133-1024x717.jpg\" alt class=\"img-responsive wp-image-1770\" srcset=\"https:\/\/www.sorrenc.com\/wp-content\/uploads\/2017\/05\/producte_acabat1-e1493923660133-200x140.jpg 200w, https:\/\/www.sorrenc.com\/wp-content\/uploads\/2017\/05\/producte_acabat1-e1493923660133-400x280.jpg 400w, https:\/\/www.sorrenc.com\/wp-content\/uploads\/2017\/05\/producte_acabat1-e1493923660133-600x420.jpg 600w, https:\/\/www.sorrenc.com\/wp-content\/uploads\/2017\/05\/producte_acabat1-e1493923660133-800x560.jpg 800w, https:\/\/www.sorrenc.com\/wp-content\/uploads\/2017\/05\/producte_acabat1-e1493923660133-1200x841.jpg 1200w, https:\/\/www.sorrenc.com\/wp-content\/uploads\/2017\/05\/producte_acabat1-e1493923660133.jpg 1222w\" sizes=\"(max-width: 800px) 100vw, 1024px\" \/><\/span><svg xmlns=\"http:\/\/www.w3.org\/2000\/svg\" version=\"1.1\" width=\"100%\" viewBox=\"0 0 600 28\" preserveAspectRatio=\"none\"><g clip-path=\"url(#a)\"><mask id=\"b\" style=\"mask-type:luminance\" maskUnits=\"userSpaceOnUse\" x=\"0\" y=\"0\" width=\"600\" height=\"28\"><path d=\"M0 0h600v28H0V0Z\" fill=\"#fff\"\/><\/mask><g filter=\"url(#c)\" mask=\"url(#b)\"><path d=\"M16.439-18.667h567.123v30.8S438.961-8.4 300-8.4C161.04-8.4 16.438 12.133 16.438 12.133v-30.8Z\" fill=\"#000\"\/><\/g><\/g><defs><clipPath id=\"a\"><path fill=\"#fff\" d=\"M0 0h600v28H0z\"\/><\/clipPath><filter id=\"c\" x=\"5.438\" y=\"-29.667\" width=\"589.123\" height=\"52.8\" filterUnits=\"userSpaceOnUse\" color-interpolation-filters=\"sRGB\"><feFlood flood-opacity=\"0\" result=\"BackgroundImageFix\"\/><feBlend in=\"SourceGraphic\" in2=\"BackgroundImageFix\" result=\"shape\"\/><feGaussianBlur stdDeviation=\"5.5\" result=\"effect1_foregroundBlur_3983_183\"\/><\/filter><\/defs><\/svg><\/div><\/div><div class=\"fusion-clearfix\"><\/div><\/div><\/div><div class=\"fusion-layout-column fusion_builder_column fusion-builder-column-4 fusion_builder_column_1_1 1_1 fusion-one-full fusion-column-first fusion-column-last\" style=\"--awb-bg-size:cover;\"><div class=\"fusion-column-wrapper fusion-flex-column-wrapper-legacy\"><div class=\"fusion-text fusion-text-3\"><p>Un arco es un elemento constructivo estructural lineal de directriz curva, permite cubrir un vac\u00edo sin que se produzcan esfuerzos de flexi\u00f3n ni tracci\u00f3n. Su utilidad es la de salvar luces elevadas con piezas peque\u00f1as (dovelas, que suelen ser de piedra) o con materiales que no resisten la tracci\u00f3n. Un arco es como un mecanismo de transporte de cargas que recibe hasta los muros a los pilares que lo soportan.<\/p>\n<\/div><div class=\"fusion-clearfix\"><\/div><\/div><\/div><\/div><\/div>\n","protected":false},"excerpt":{"rendered":"","protected":false},"author":1,"featured_media":0,"parent":0,"menu_order":0,"comment_status":"closed","ping_status":"closed","template":"","meta":{"footnotes":""},"class_list":["post-1879","page","type-page","status-publish","hentry"],"yoast_head":"<!-- This site is optimized with the Yoast SEO plugin v24.9 - https:\/\/yoast.com\/wordpress\/plugins\/seo\/ -->\n<title>Arcos - Sorrenc<\/title>\n<meta name=\"robots\" content=\"index, follow, max-snippet:-1, max-image-preview:large, max-video-preview:-1\" \/>\n<link rel=\"canonical\" href=\"https:\/\/www.sorrenc.com\/es\/arcos-de-piedra\/\" \/>\n<meta property=\"og:locale\" content=\"es_ES\" \/>\n<meta property=\"og:type\" content=\"article\" \/>\n<meta property=\"og:title\" content=\"Arcos - Sorrenc\" \/>\n<meta property=\"og:url\" content=\"https:\/\/www.sorrenc.com\/es\/arcos-de-piedra\/\" \/>\n<meta property=\"og:site_name\" content=\"Sorrenc\" \/>\n<meta property=\"article:publisher\" content=\"http:\/\/www.sorrenc.com\" \/>\n<meta property=\"article:modified_time\" content=\"2017-07-10T17:51:11+00:00\" \/>\n<meta name=\"twitter:card\" content=\"summary_large_image\" \/>\n<meta name=\"twitter:site\" content=\"@AreniscasM\" \/>\n<meta name=\"twitter:label1\" content=\"Tiempo de lectura\" \/>\n\t<meta name=\"twitter:data1\" content=\"3 minutos\" \/>\n<script type=\"application\/ld+json\" class=\"yoast-schema-graph\">{\"@context\":\"https:\/\/schema.org\",\"@graph\":[{\"@type\":\"WebPage\",\"@id\":\"https:\/\/www.sorrenc.com\/es\/arcos-de-piedra\/\",\"url\":\"https:\/\/www.sorrenc.com\/es\/arcos-de-piedra\/\",\"name\":\"Arcos - Sorrenc\",\"isPartOf\":{\"@id\":\"https:\/\/www.sorrenc.com\/es\/#website\"},\"datePublished\":\"2017-05-04T18:48:12+00:00\",\"dateModified\":\"2017-07-10T17:51:11+00:00\",\"breadcrumb\":{\"@id\":\"https:\/\/www.sorrenc.com\/es\/arcos-de-piedra\/#breadcrumb\"},\"inLanguage\":\"es\",\"potentialAction\":[{\"@type\":\"ReadAction\",\"target\":[\"https:\/\/www.sorrenc.com\/es\/arcos-de-piedra\/\"]}]},{\"@type\":\"BreadcrumbList\",\"@id\":\"https:\/\/www.sorrenc.com\/es\/arcos-de-piedra\/#breadcrumb\",\"itemListElement\":[{\"@type\":\"ListItem\",\"position\":1,\"name\":\"Inici\",\"item\":\"https:\/\/www.sorrenc.com\/es\/\"},{\"@type\":\"ListItem\",\"position\":2,\"name\":\"Arcos\"}]},{\"@type\":\"WebSite\",\"@id\":\"https:\/\/www.sorrenc.com\/es\/#website\",\"url\":\"https:\/\/www.sorrenc.com\/es\/\",\"name\":\"Sorrenc\",\"description\":\"Areniscas Monistrol\",\"publisher\":{\"@id\":\"https:\/\/www.sorrenc.com\/es\/#organization\"},\"potentialAction\":[{\"@type\":\"SearchAction\",\"target\":{\"@type\":\"EntryPoint\",\"urlTemplate\":\"https:\/\/www.sorrenc.com\/es\/?s={search_term_string}\"},\"query-input\":{\"@type\":\"PropertyValueSpecification\",\"valueRequired\":true,\"valueName\":\"search_term_string\"}}],\"inLanguage\":\"es\"},{\"@type\":\"Organization\",\"@id\":\"https:\/\/www.sorrenc.com\/es\/#organization\",\"name\":\"ARENISCAS MONISTROL, S.L.\",\"url\":\"https:\/\/www.sorrenc.com\/es\/\",\"logo\":{\"@type\":\"ImageObject\",\"inLanguage\":\"es\",\"@id\":\"https:\/\/www.sorrenc.com\/es\/#\/schema\/logo\/image\/\",\"url\":\"https:\/\/www.sorrenc.com\/wp-content\/uploads\/2020\/12\/Sorrenc-GMAIL-Firma-horitzontal.png\",\"contentUrl\":\"https:\/\/www.sorrenc.com\/wp-content\/uploads\/2020\/12\/Sorrenc-GMAIL-Firma-horitzontal.png\",\"width\":486,\"height\":125,\"caption\":\"ARENISCAS MONISTROL, S.L.\"},\"image\":{\"@id\":\"https:\/\/www.sorrenc.com\/es\/#\/schema\/logo\/image\/\"},\"sameAs\":[\"http:\/\/www.sorrenc.com\",\"https:\/\/x.com\/AreniscasM\"]}]}<\/script>\n<!-- \/ Yoast SEO plugin. -->","yoast_head_json":{"title":"Arcos - Sorrenc","robots":{"index":"index","follow":"follow","max-snippet":"max-snippet:-1","max-image-preview":"max-image-preview:large","max-video-preview":"max-video-preview:-1"},"canonical":"https:\/\/www.sorrenc.com\/es\/arcos-de-piedra\/","og_locale":"es_ES","og_type":"article","og_title":"Arcos - Sorrenc","og_url":"https:\/\/www.sorrenc.com\/es\/arcos-de-piedra\/","og_site_name":"Sorrenc","article_publisher":"http:\/\/www.sorrenc.com","article_modified_time":"2017-07-10T17:51:11+00:00","twitter_card":"summary_large_image","twitter_site":"@AreniscasM","twitter_misc":{"Tiempo de lectura":"3 minutos"},"schema":{"@context":"https:\/\/schema.org","@graph":[{"@type":"WebPage","@id":"https:\/\/www.sorrenc.com\/es\/arcos-de-piedra\/","url":"https:\/\/www.sorrenc.com\/es\/arcos-de-piedra\/","name":"Arcos - Sorrenc","isPartOf":{"@id":"https:\/\/www.sorrenc.com\/es\/#website"},"datePublished":"2017-05-04T18:48:12+00:00","dateModified":"2017-07-10T17:51:11+00:00","breadcrumb":{"@id":"https:\/\/www.sorrenc.com\/es\/arcos-de-piedra\/#breadcrumb"},"inLanguage":"es","potentialAction":[{"@type":"ReadAction","target":["https:\/\/www.sorrenc.com\/es\/arcos-de-piedra\/"]}]},{"@type":"BreadcrumbList","@id":"https:\/\/www.sorrenc.com\/es\/arcos-de-piedra\/#breadcrumb","itemListElement":[{"@type":"ListItem","position":1,"name":"Inici","item":"https:\/\/www.sorrenc.com\/es\/"},{"@type":"ListItem","position":2,"name":"Arcos"}]},{"@type":"WebSite","@id":"https:\/\/www.sorrenc.com\/es\/#website","url":"https:\/\/www.sorrenc.com\/es\/","name":"Sorrenc","description":"Areniscas Monistrol","publisher":{"@id":"https:\/\/www.sorrenc.com\/es\/#organization"},"potentialAction":[{"@type":"SearchAction","target":{"@type":"EntryPoint","urlTemplate":"https:\/\/www.sorrenc.com\/es\/?s={search_term_string}"},"query-input":{"@type":"PropertyValueSpecification","valueRequired":true,"valueName":"search_term_string"}}],"inLanguage":"es"},{"@type":"Organization","@id":"https:\/\/www.sorrenc.com\/es\/#organization","name":"ARENISCAS MONISTROL, S.L.","url":"https:\/\/www.sorrenc.com\/es\/","logo":{"@type":"ImageObject","inLanguage":"es","@id":"https:\/\/www.sorrenc.com\/es\/#\/schema\/logo\/image\/","url":"https:\/\/www.sorrenc.com\/wp-content\/uploads\/2020\/12\/Sorrenc-GMAIL-Firma-horitzontal.png","contentUrl":"https:\/\/www.sorrenc.com\/wp-content\/uploads\/2020\/12\/Sorrenc-GMAIL-Firma-horitzontal.png","width":486,"height":125,"caption":"ARENISCAS MONISTROL, S.L."},"image":{"@id":"https:\/\/www.sorrenc.com\/es\/#\/schema\/logo\/image\/"},"sameAs":["http:\/\/www.sorrenc.com","https:\/\/x.com\/AreniscasM"]}]}},"_links":{"self":[{"href":"https:\/\/www.sorrenc.com\/es\/wp-json\/wp\/v2\/pages\/1879","targetHints":{"allow":["GET"]}}],"collection":[{"href":"https:\/\/www.sorrenc.com\/es\/wp-json\/wp\/v2\/pages"}],"about":[{"href":"https:\/\/www.sorrenc.com\/es\/wp-json\/wp\/v2\/types\/page"}],"author":[{"embeddable":true,"href":"https:\/\/www.sorrenc.com\/es\/wp-json\/wp\/v2\/users\/1"}],"replies":[{"embeddable":true,"href":"https:\/\/www.sorrenc.com\/es\/wp-json\/wp\/v2\/comments?post=1879"}],"version-history":[{"count":4,"href":"https:\/\/www.sorrenc.com\/es\/wp-json\/wp\/v2\/pages\/1879\/revisions"}],"predecessor-version":[{"id":2065,"href":"https:\/\/www.sorrenc.com\/es\/wp-json\/wp\/v2\/pages\/1879\/revisions\/2065"}],"wp:attachment":[{"href":"https:\/\/www.sorrenc.com\/es\/wp-json\/wp\/v2\/media?parent=1879"}],"curies":[{"name":"wp","href":"https:\/\/api.w.org\/{rel}","templated":true}]}}