{"id":2473,"date":"2017-10-26T18:32:10","date_gmt":"2017-10-26T17:32:10","guid":{"rendered":"http:\/\/www.sorrenc.com\/nuestro-producto-2\/"},"modified":"2017-10-26T18:36:03","modified_gmt":"2017-10-26T17:36:03","slug":"nuestro-producto-2","status":"publish","type":"page","link":"https:\/\/www.sorrenc.com\/es\/nuestro-producto-2\/","title":{"rendered":"Nuestro producto"},"content":{"rendered":"<p><div class=\"fusion-fullwidth fullwidth-box fusion-builder-row-1 nonhundred-percent-fullwidth non-hundred-percent-height-scrolling\" style=\"--awb-background-position:left top;--awb-border-radius-top-left:0px;--awb-border-radius-top-right:0px;--awb-border-radius-bottom-right:0px;--awb-border-radius-bottom-left:0px;--awb-padding-top:0px;--awb-padding-bottom:30px;--awb-border-sizes-top:0px;--awb-border-sizes-bottom:0px;--awb-flex-wrap:wrap;\" ><div class=\"fusion-builder-row fusion-row\"><div class=\"fusion-layout-column fusion_builder_column fusion-builder-column-0 fusion_builder_column_1_2 1_2 fusion-one-half fusion-column-first\" style=\"--awb-bg-size:cover;width:48%; margin-right: 4%;\"><div class=\"fusion-column-wrapper fusion-flex-column-wrapper-legacy\"><div class=\"fusion-text fusion-text-1\"><p>Nuestro producto<\/p>\n<\/div><div class=\"fusion-sep-clear\"><\/div><div class=\"fusion-separator fusion-clearfix\" style=\"float:left;margin-top:0px;margin-bottom:35px;width:100%;max-width:170px;\"><div class=\"fusion-separator-border sep-single sep-solid\" style=\"--awb-height:20px;--awb-amount:20px;--awb-sep-color:#e2e3e8;border-color:#e2e3e8;border-top-width:3px;\"><\/div><\/div><div class=\"fusion-sep-clear\"><\/div><div class=\"fusion-text fusion-text-2\"><p>&nbsp;<\/p>\n<p>Nuestra maquinaria de precisi\u00f3n nos permite trabajar en diversidad de proyectos donde se trabaja la piedra natural sorrenca, de grandes bloques que extraemos podemos hacer diferentes formas y molduras, es decir, elaborar distintas piezas (antepechos de ventana, llinades, ramas , columnas, azulejos de distintos tama\u00f1os..etz). Las caracter\u00edsticas espec\u00edficas de la piedra sorrenca hacen posible poder hacer trabajos de gran tama\u00f1o y gran calidad.<\/p>\n<\/div><div class=\"fusion-clearfix\"><\/div><\/div><\/div><div class=\"fusion-layout-column fusion_builder_column fusion-builder-column-1 fusion_builder_column_1_2 1_2 fusion-one-half fusion-column-last\" style=\"--awb-bg-size:cover;width:48%;\"><div class=\"fusion-column-wrapper fusion-flex-column-wrapper-legacy\"><div class=\"fusion-image-element in-legacy-container\" style=\"--awb-caption-title-font-family:var(--h2_typography-font-family);--awb-caption-title-font-weight:var(--h2_typography-font-weight);--awb-caption-title-font-style:var(--h2_typography-font-style);--awb-caption-title-size:var(--h2_typography-font-size);--awb-caption-title-transform:var(--h2_typography-text-transform);--awb-caption-title-line-height:var(--h2_typography-line-height);--awb-caption-title-letter-spacing:var(--h2_typography-letter-spacing);\"><span class=\" fusion-imageframe imageframe-none imageframe-1 hover-type-zoomin fusion-animated\" data-animationType=\"fadeInDown\" data-animationDuration=\"1.0\" data-animationOffset=\"top-into-view\"><a href=\"http:\/\/www.sorrenc.com\/wp-content\/uploads\/2017\/02\/producte_origen1-1024x606.jpg\" class=\"fusion-lightbox\" data-rel=\"iLightbox[2a33a38b382caa274ba]\" data-title=\"producte_origen1\" title=\"producte_origen1\"><img decoding=\"async\" width=\"1024\" height=\"606\" src=\"http:\/\/www.sorrenc.com\/wp-content\/uploads\/2017\/02\/producte_origen1-1024x606.jpg\" alt class=\"img-responsive wp-image-1302\" srcset=\"https:\/\/www.sorrenc.com\/wp-content\/uploads\/2017\/02\/producte_origen1-200x118.jpg 200w, https:\/\/www.sorrenc.com\/wp-content\/uploads\/2017\/02\/producte_origen1-400x237.jpg 400w, https:\/\/www.sorrenc.com\/wp-content\/uploads\/2017\/02\/producte_origen1-600x355.jpg 600w, https:\/\/www.sorrenc.com\/wp-content\/uploads\/2017\/02\/producte_origen1-800x474.jpg 800w, https:\/\/www.sorrenc.com\/wp-content\/uploads\/2017\/02\/producte_origen1-1200x711.jpg 1200w, https:\/\/www.sorrenc.com\/wp-content\/uploads\/2017\/02\/producte_origen1.jpg 1680w\" sizes=\"(max-width: 800px) 100vw, 600px\" \/><\/a><\/span><\/div><div class=\"fusion-sep-clear\"><\/div><div class=\"fusion-separator fusion-full-width-sep\" style=\"margin-left: auto;margin-right: auto;margin-top:40px;width:100%;\"><\/div><div class=\"fusion-sep-clear\"><\/div><div class=\"fusion-clearfix\"><\/div><\/div><\/div><\/div><\/div><div class=\"fusion-fullwidth fullwidth-box fusion-builder-row-2 nonhundred-percent-fullwidth non-hundred-percent-height-scrolling\" style=\"--awb-border-radius-top-left:0px;--awb-border-radius-top-right:0px;--awb-border-radius-bottom-right:0px;--awb-border-radius-bottom-left:0px;--awb-padding-top:20px;--awb-padding-bottom:20px;--awb-flex-wrap:wrap;\" ><div class=\"fusion-builder-row fusion-row\"><div class=\"fusion-layout-column fusion_builder_column fusion-builder-column-2 fusion_builder_column_1_1 1_1 fusion-one-full fusion-column-first fusion-column-last\" style=\"--awb-bg-size:cover;\"><div class=\"fusion-column-wrapper fusion-flex-column-wrapper-legacy\">\n<div class=\"table-1\">\n<table class=\"table table-bordered\">\n<thead>\n<tr>\n<th>Proves realitzades<\/th>\n<th>Norma d&#8217;assaig<\/th>\n<th>Resultats<\/th>\n<\/tr>\n<\/thead>\n<tbody>\n<tr>\n<td>Descripci\u00f3 petrogr\u00e0fica<\/td>\n<td>UNE-EN 12407:2007<\/td>\n<td>Carbonatic sandstone<\/td>\n<\/tr>\n<tr>\n<td>Resist\u00e8ncia a l&#8217;abrasi\u00f3<\/td>\n<td>UNE-EN 14157:2005<\/td>\n<td>22,5 mm<\/td>\n<\/tr>\n<tr>\n<td rowspan=\"2\">Contingut total en sofre<\/td>\n<td rowspan=\"2\">UNE-EN 1744-1<\/td>\n<td>0,02% S<\/td>\n<\/tr>\n<tr>\n<td>0,04% SO3<\/td>\n<\/tr>\n<tr>\n<td>Absorci\u00f3 d&#8217;aigua a pressi\u00f3 atmosf\u00e8rica<\/td>\n<td>UNE-EN 13755:2002<\/td>\n<td>3,8%<\/td>\n<\/tr>\n<tr>\n<td>Porositat oberta<\/td>\n<td rowspan=\"2\">UNE-EN 1936:2007<\/td>\n<td>13,0%<\/td>\n<\/tr>\n<tr>\n<td>Densitat aparent<\/td>\n<td>2367 Kg\/m<sup>3<\/sup><\/td>\n<\/tr>\n<tr>\n<td>Coeficient d&#8217;absorci\u00f3 d&#8217;aigua per capil\u00b7laritat<\/td>\n<td>UNE-EN 1925:1999<\/td>\n<td>36,690 gr\/m<sup>2<\/sup>\u00c2\u00b7s<sup>0,5<\/sup><\/td>\n<\/tr>\n<tr>\n<td>Resist\u00e8ncia a la flexi\u00f3 (valor mig)<\/td>\n<td>UNE-EN 12372:2007<\/td>\n<td>8,2 Mpa<\/td>\n<\/tr>\n<tr>\n<td>Resist\u00e8ncia a la flexi\u00f3, despr\u00e9s de l&#8217;assaig de gel\/desgel (valor mig)<\/td>\n<td>UNE-EN 12371:2010<\/td>\n<td>7,8 Mpa<\/td>\n<\/tr>\n<\/tbody>\n<\/table>\n<\/div>\n<div class=\"fusion-button-wrapper\"><a class=\"fusion-button button-flat fusion-button-default-size button-darkgreen fusion-button-darkgreen button-1 fusion-button-default-span fusion-button-default-type\" target=\"_self\" title=\"Descargaos el an\u00e1lisis completo\" aria-label=\"Descargaos el an\u00e1lisis completo\" href=\"\/wp-content\/uploads\/2017\/05\/informe-es.pdf\"><i class=\" fa fa-bar-chart awb-button__icon awb-button__icon--default button-icon-left\" aria-hidden=\"true\"><\/i><span class=\"fusion-button-text awb-button__text awb-button__text--default\">Descargaos el an\u00e1lisis completo<\/span><\/a><\/div><div class=\"fusion-clearfix\"><\/div><\/div><\/div><\/div><\/div><div class=\"fusion-fullwidth fullwidth-box fusion-builder-row-3 nonhundred-percent-fullwidth non-hundred-percent-height-scrolling\" style=\"--awb-border-radius-top-left:0px;--awb-border-radius-top-right:0px;--awb-border-radius-bottom-right:0px;--awb-border-radius-bottom-left:0px;--awb-padding-top:20px;--awb-padding-bottom:20px;--awb-flex-wrap:wrap;\" ><div class=\"fusion-builder-row fusion-row\"><div class=\"fusion-layout-column fusion_builder_column fusion-builder-column-3 fusion_builder_column_1_1 1_1 fusion-one-full fusion-column-first fusion-column-last\" style=\"--awb-bg-size:cover;\"><div class=\"fusion-column-wrapper fusion-flex-column-wrapper-legacy\"><div class=\"fusion-text fusion-text-3\"><p>Origen de nuestro producto<\/p>\n<\/div><div class=\"fusion-sep-clear\"><\/div><div class=\"fusion-separator fusion-clearfix\" style=\"float:left;margin-top:0px;margin-bottom:35px;width:100%;max-width:170px;\"><div class=\"fusion-separator-border sep-single sep-solid\" style=\"--awb-height:20px;--awb-amount:20px;--awb-sep-color:#e2e3e8;border-color:#e2e3e8;border-top-width:3px;\"><\/div><\/div><div class=\"fusion-sep-clear\"><\/div><div class=\"fusion-clearfix\"><\/div><\/div><\/div><div class=\"fusion-layout-column fusion_builder_column fusion-builder-column-4 fusion_builder_column_1_3 1_3 fusion-one-third fusion-column-first\" style=\"--awb-bg-size:cover;width:33.333333333333%;width:calc(33.333333333333% - ( ( 4% ) * 0.33333333333333 ) );margin-right: 4%;\"><div class=\"fusion-column-wrapper fusion-flex-column-wrapper-legacy\"><div class=\"fusion-image-element in-legacy-container\" style=\"--awb-caption-title-font-family:var(--h2_typography-font-family);--awb-caption-title-font-weight:var(--h2_typography-font-weight);--awb-caption-title-font-style:var(--h2_typography-font-style);--awb-caption-title-size:var(--h2_typography-font-size);--awb-caption-title-transform:var(--h2_typography-text-transform);--awb-caption-title-line-height:var(--h2_typography-line-height);--awb-caption-title-letter-spacing:var(--h2_typography-letter-spacing);\"><span class=\" fusion-imageframe imageframe-none imageframe-2 hover-type-none\"><img decoding=\"async\" width=\"1024\" height=\"606\" title=\"producte_origen1\" src=\"http:\/\/www.sorrenc.com\/wp-content\/uploads\/2017\/01\/producte_origen1-1024x606.jpg\" alt class=\"img-responsive wp-image-1632\" srcset=\"https:\/\/www.sorrenc.com\/wp-content\/uploads\/2017\/01\/producte_origen1-200x118.jpg 200w, https:\/\/www.sorrenc.com\/wp-content\/uploads\/2017\/01\/producte_origen1-400x237.jpg 400w, https:\/\/www.sorrenc.com\/wp-content\/uploads\/2017\/01\/producte_origen1-600x355.jpg 600w, https:\/\/www.sorrenc.com\/wp-content\/uploads\/2017\/01\/producte_origen1-800x474.jpg 800w, https:\/\/www.sorrenc.com\/wp-content\/uploads\/2017\/01\/producte_origen1-1200x711.jpg 1200w, https:\/\/www.sorrenc.com\/wp-content\/uploads\/2017\/01\/producte_origen1.jpg 1680w\" sizes=\"(max-width: 800px) 100vw, 400px\" \/><\/span><\/div><div class=\"fusion-sep-clear\"><\/div><div class=\"fusion-separator fusion-full-width-sep\" style=\"margin-left: auto;margin-right: auto;margin-top:10px;margin-bottom:10px;width:100%;\"><\/div><div class=\"fusion-sep-clear\"><\/div><div class=\"fusion-image-element in-legacy-container\" style=\"--awb-caption-title-font-family:var(--h2_typography-font-family);--awb-caption-title-font-weight:var(--h2_typography-font-weight);--awb-caption-title-font-style:var(--h2_typography-font-style);--awb-caption-title-size:var(--h2_typography-font-size);--awb-caption-title-transform:var(--h2_typography-text-transform);--awb-caption-title-line-height:var(--h2_typography-line-height);--awb-caption-title-letter-spacing:var(--h2_typography-letter-spacing);\"><span class=\" fusion-imageframe imageframe-none imageframe-3 hover-type-none\"><img decoding=\"async\" width=\"640\" height=\"379\" title=\"producte_origen2\" src=\"http:\/\/www.sorrenc.com\/wp-content\/uploads\/2017\/01\/producte_origen2.jpg\" alt class=\"img-responsive wp-image-1633\" srcset=\"https:\/\/www.sorrenc.com\/wp-content\/uploads\/2017\/01\/producte_origen2-200x118.jpg 200w, https:\/\/www.sorrenc.com\/wp-content\/uploads\/2017\/01\/producte_origen2-400x237.jpg 400w, https:\/\/www.sorrenc.com\/wp-content\/uploads\/2017\/01\/producte_origen2-600x355.jpg 600w, https:\/\/www.sorrenc.com\/wp-content\/uploads\/2017\/01\/producte_origen2.jpg 640w\" sizes=\"(max-width: 800px) 100vw, 400px\" \/><\/span><\/div><div class=\"fusion-clearfix\"><\/div><\/div><\/div><div class=\"fusion-layout-column fusion_builder_column fusion-builder-column-5 fusion_builder_column_2_3 2_3 fusion-two-third fusion-column-last\" style=\"--awb-bg-size:cover;width:66.666666666667%;width:calc(66.666666666667% - ( ( 4% ) * 0.66666666666667 ) );\"><div class=\"fusion-column-wrapper fusion-flex-column-wrapper-legacy\"><div class=\"fusion-text fusion-text-4\"><h2>Cantera<\/h2>\n<p>&nbsp;<\/p>\n<p>&nbsp;<\/p>\n<p>Una cantera es una explotaci\u00f3n minera, al aire libre, donde se obtiene piedra industrial, ornamentales o \u00e1ridos. Nuestra cantera de piedra natural sorrenca esta localizada en un cabo municipal de Monistrol de Calders ( Barcelona) y extraemos piedra para la elaboraci\u00f3n ornamental. El tipo de piedra que extraemos, es un tipo de piedra sorrenca de muy buena calidad, unos an\u00e1lisis avalen esta calidad.<\/p>\n<p>Tipo de piedra<\/p>\n<p>Hay diferentes tipos de canteras en funci\u00f3n del material que se extrae: canteras de m\u00e1rmol, piedra de granito, canteras de calizas y de pizzaras. En todas ellas se puede extraer el material para hacer trabajos de tipo industrial, ornamental y \u00e1ridos. En nuestra cantera extraemos piedra natural sorrenca para trabajar de forma ornamental y hacer distintas formas y acabados.<\/p>\n<\/div><div class=\"fusion-clearfix\"><\/div><\/div><\/div><\/div><\/div><div class=\"fusion-fullwidth fullwidth-box fusion-builder-row-4 nonhundred-percent-fullwidth non-hundred-percent-height-scrolling\" style=\"--awb-border-radius-top-left:0px;--awb-border-radius-top-right:0px;--awb-border-radius-bottom-right:0px;--awb-border-radius-bottom-left:0px;--awb-padding-top:20px;--awb-padding-bottom:20px;--awb-flex-wrap:wrap;\" ><div class=\"fusion-builder-row fusion-row\"><div class=\"fusion-layout-column fusion_builder_column fusion-builder-column-6 fusion_builder_column_1_1 1_1 fusion-one-full fusion-column-first fusion-column-last\" style=\"--awb-bg-size:cover;\"><div class=\"fusion-column-wrapper fusion-flex-column-wrapper-legacy\"><div class=\"fusion-text fusion-text-5\"><h2>El Bages, la piedra sorrenca y otras explotaciones mineras.<\/h2>\n<\/div><div class=\"fusion-sep-clear\"><\/div><div class=\"fusion-separator fusion-clearfix\" style=\"float:left;margin-top:0px;margin-bottom:35px;width:100%;max-width:170px;\"><div class=\"fusion-separator-border sep-single sep-solid\" style=\"--awb-height:20px;--awb-amount:20px;--awb-sep-color:#e2e3e8;border-color:#e2e3e8;border-top-width:3px;\"><\/div><\/div><div class=\"fusion-sep-clear\"><\/div><div class=\"fusion-clearfix\"><\/div><\/div><\/div><div class=\"fusion-layout-column fusion_builder_column fusion-builder-column-7 fusion_builder_column_1_1 1_1 fusion-one-full fusion-column-first fusion-column-last\" style=\"--awb-bg-size:cover;\"><div class=\"fusion-column-wrapper fusion-flex-column-wrapper-legacy\"><div class=\"fusion-text fusion-text-6\"><p>Nuestra cantera de piedra natural sorrenca esta localizada a la comarca del Bages. El Bages es una comarca que se encuentra en el centro de Catalu\u00f1a. Su capital es Manresa y tiene 35 municipios, e incluye una parte de la comarca natural del Moianes y una parte de la del Llu\u00e7anes, as\u00ed como un municipio de la Alta Segarra.<\/p>\n<p>El Bages esta constituido por una extensa cuenca de erosi\u00f3n bordeada de altiplanos y monta\u00f1as elevadas, dentro de la Depresi\u00f3n central. El pla de Bages constituye el fondo de la cuenca de erosi\u00f3n, excavada por las aguas del Llobregat y de sus afluentes en las arcilles, margas rojizas y areniscas que hay en este lugar. Estos materiales se depositan durante la \u00e9poca geol\u00f3gica del Eoce, al principio del Terciario. Posteriormente los r\u00edos se encajaran y parte de sus hondonadas se rellenaban progresivamente de materiales aluviales, creando distintos niveles de terrazas, que se identifican porque hay muchos guijarros, o piedras bien redondeadas por el agua corriente.<\/p>\n<p>La industria minera es muy antigua con la sal de Cardona y con explotaciones de potasa a Suria y a Sallent. Una industria muy diversificada, y antiguamente de predominio textil, aprovecha la fuerza motriz de Llobregat y el Cardener, los dos rios que riegan la comarca.<\/p>\n<p>Fruto de la intensa actividad minera a lo largo del tiempo y con centros mineros a\u00fan activos hay bastantes instalaciones relacionadas con la extracci\u00f3n de la sal.<\/p>\n<p>Tambi\u00e9n hace falta destacar las explotaciones de piedras ornamentales a Castellbell, a Sant Vicen\u00e7 de Castellet y a Monistrol de Calders, como es el caso de nuestra cantera que elabora piedra natural sorrenca. Encontraremos tambi\u00e9n las explotaciones de calcolutites a Sant Mateu de Bages, as\u00ed como las antiguas explotaciones de lignito a distintos lugares de la comarca del Bages.<\/p>\n<p>La actividad minera aporta lugares de trabajo y riqueza en el territorio pero tambi\u00e9n ha tenido consecuencias medioambientales.<br \/>\nAfortunadamente en la actividad de la industria minera es cada vez mas cuidadosa con el Medio Natural.<\/p>\n<p>La Comarca del Bages cuenta con las Cuevas del Toll i las Cuevas de Salnitre o los antiguos deltas de Montserrat y Sant Lloren\u00e7 de Munt, dos parques naturales de privilegiada naturaleza y peculiar paisaje.<\/p>\n<p>&nbsp;<\/p>\n<p>&nbsp;<\/p>\n<\/div><div class=\"fusion-clearfix\"><\/div><\/div><\/div><\/div><\/div><\/p>\n","protected":false},"excerpt":{"rendered":"","protected":false},"author":1,"featured_media":0,"parent":0,"menu_order":0,"comment_status":"closed","ping_status":"closed","template":"","meta":{"footnotes":""},"class_list":["post-2473","page","type-page","status-publish","hentry"],"yoast_head":"<!-- This site is optimized with the Yoast SEO plugin v24.9 - https:\/\/yoast.com\/wordpress\/plugins\/seo\/ -->\n<title>Nuestro producto - Sorrenc<\/title>\n<meta name=\"robots\" content=\"index, follow, max-snippet:-1, max-image-preview:large, max-video-preview:-1\" \/>\n<link rel=\"canonical\" href=\"https:\/\/www.sorrenc.com\/es\/nuestro-producto-2\/\" \/>\n<meta property=\"og:locale\" content=\"es_ES\" \/>\n<meta property=\"og:type\" content=\"article\" \/>\n<meta property=\"og:title\" content=\"Nuestro producto - Sorrenc\" \/>\n<meta property=\"og:url\" content=\"https:\/\/www.sorrenc.com\/es\/nuestro-producto-2\/\" \/>\n<meta property=\"og:site_name\" content=\"Sorrenc\" \/>\n<meta property=\"article:publisher\" content=\"http:\/\/www.sorrenc.com\" \/>\n<meta property=\"article:modified_time\" content=\"2017-10-26T17:36:03+00:00\" \/>\n<meta name=\"twitter:card\" content=\"summary_large_image\" \/>\n<meta name=\"twitter:site\" content=\"@AreniscasM\" \/>\n<meta name=\"twitter:label1\" content=\"Tiempo de lectura\" \/>\n\t<meta name=\"twitter:data1\" content=\"8 minutos\" \/>\n<script type=\"application\/ld+json\" class=\"yoast-schema-graph\">{\"@context\":\"https:\/\/schema.org\",\"@graph\":[{\"@type\":\"WebPage\",\"@id\":\"https:\/\/www.sorrenc.com\/es\/nuestro-producto-2\/\",\"url\":\"https:\/\/www.sorrenc.com\/es\/nuestro-producto-2\/\",\"name\":\"Nuestro producto - Sorrenc\",\"isPartOf\":{\"@id\":\"https:\/\/www.sorrenc.com\/es\/#website\"},\"datePublished\":\"2017-10-26T17:32:10+00:00\",\"dateModified\":\"2017-10-26T17:36:03+00:00\",\"breadcrumb\":{\"@id\":\"https:\/\/www.sorrenc.com\/es\/nuestro-producto-2\/#breadcrumb\"},\"inLanguage\":\"es\",\"potentialAction\":[{\"@type\":\"ReadAction\",\"target\":[\"https:\/\/www.sorrenc.com\/es\/nuestro-producto-2\/\"]}]},{\"@type\":\"BreadcrumbList\",\"@id\":\"https:\/\/www.sorrenc.com\/es\/nuestro-producto-2\/#breadcrumb\",\"itemListElement\":[{\"@type\":\"ListItem\",\"position\":1,\"name\":\"Inici\",\"item\":\"https:\/\/www.sorrenc.com\/es\/\"},{\"@type\":\"ListItem\",\"position\":2,\"name\":\"Nuestro producto\"}]},{\"@type\":\"WebSite\",\"@id\":\"https:\/\/www.sorrenc.com\/es\/#website\",\"url\":\"https:\/\/www.sorrenc.com\/es\/\",\"name\":\"Sorrenc\",\"description\":\"Areniscas Monistrol\",\"publisher\":{\"@id\":\"https:\/\/www.sorrenc.com\/es\/#organization\"},\"potentialAction\":[{\"@type\":\"SearchAction\",\"target\":{\"@type\":\"EntryPoint\",\"urlTemplate\":\"https:\/\/www.sorrenc.com\/es\/?s={search_term_string}\"},\"query-input\":{\"@type\":\"PropertyValueSpecification\",\"valueRequired\":true,\"valueName\":\"search_term_string\"}}],\"inLanguage\":\"es\"},{\"@type\":\"Organization\",\"@id\":\"https:\/\/www.sorrenc.com\/es\/#organization\",\"name\":\"ARENISCAS MONISTROL, S.L.\",\"url\":\"https:\/\/www.sorrenc.com\/es\/\",\"logo\":{\"@type\":\"ImageObject\",\"inLanguage\":\"es\",\"@id\":\"https:\/\/www.sorrenc.com\/es\/#\/schema\/logo\/image\/\",\"url\":\"https:\/\/www.sorrenc.com\/wp-content\/uploads\/2020\/12\/Sorrenc-GMAIL-Firma-horitzontal.png\",\"contentUrl\":\"https:\/\/www.sorrenc.com\/wp-content\/uploads\/2020\/12\/Sorrenc-GMAIL-Firma-horitzontal.png\",\"width\":486,\"height\":125,\"caption\":\"ARENISCAS MONISTROL, S.L.\"},\"image\":{\"@id\":\"https:\/\/www.sorrenc.com\/es\/#\/schema\/logo\/image\/\"},\"sameAs\":[\"http:\/\/www.sorrenc.com\",\"https:\/\/x.com\/AreniscasM\"]}]}<\/script>\n<!-- \/ Yoast SEO plugin. -->","yoast_head_json":{"title":"Nuestro producto - Sorrenc","robots":{"index":"index","follow":"follow","max-snippet":"max-snippet:-1","max-image-preview":"max-image-preview:large","max-video-preview":"max-video-preview:-1"},"canonical":"https:\/\/www.sorrenc.com\/es\/nuestro-producto-2\/","og_locale":"es_ES","og_type":"article","og_title":"Nuestro producto - Sorrenc","og_url":"https:\/\/www.sorrenc.com\/es\/nuestro-producto-2\/","og_site_name":"Sorrenc","article_publisher":"http:\/\/www.sorrenc.com","article_modified_time":"2017-10-26T17:36:03+00:00","twitter_card":"summary_large_image","twitter_site":"@AreniscasM","twitter_misc":{"Tiempo de lectura":"8 minutos"},"schema":{"@context":"https:\/\/schema.org","@graph":[{"@type":"WebPage","@id":"https:\/\/www.sorrenc.com\/es\/nuestro-producto-2\/","url":"https:\/\/www.sorrenc.com\/es\/nuestro-producto-2\/","name":"Nuestro producto - Sorrenc","isPartOf":{"@id":"https:\/\/www.sorrenc.com\/es\/#website"},"datePublished":"2017-10-26T17:32:10+00:00","dateModified":"2017-10-26T17:36:03+00:00","breadcrumb":{"@id":"https:\/\/www.sorrenc.com\/es\/nuestro-producto-2\/#breadcrumb"},"inLanguage":"es","potentialAction":[{"@type":"ReadAction","target":["https:\/\/www.sorrenc.com\/es\/nuestro-producto-2\/"]}]},{"@type":"BreadcrumbList","@id":"https:\/\/www.sorrenc.com\/es\/nuestro-producto-2\/#breadcrumb","itemListElement":[{"@type":"ListItem","position":1,"name":"Inici","item":"https:\/\/www.sorrenc.com\/es\/"},{"@type":"ListItem","position":2,"name":"Nuestro producto"}]},{"@type":"WebSite","@id":"https:\/\/www.sorrenc.com\/es\/#website","url":"https:\/\/www.sorrenc.com\/es\/","name":"Sorrenc","description":"Areniscas Monistrol","publisher":{"@id":"https:\/\/www.sorrenc.com\/es\/#organization"},"potentialAction":[{"@type":"SearchAction","target":{"@type":"EntryPoint","urlTemplate":"https:\/\/www.sorrenc.com\/es\/?s={search_term_string}"},"query-input":{"@type":"PropertyValueSpecification","valueRequired":true,"valueName":"search_term_string"}}],"inLanguage":"es"},{"@type":"Organization","@id":"https:\/\/www.sorrenc.com\/es\/#organization","name":"ARENISCAS MONISTROL, S.L.","url":"https:\/\/www.sorrenc.com\/es\/","logo":{"@type":"ImageObject","inLanguage":"es","@id":"https:\/\/www.sorrenc.com\/es\/#\/schema\/logo\/image\/","url":"https:\/\/www.sorrenc.com\/wp-content\/uploads\/2020\/12\/Sorrenc-GMAIL-Firma-horitzontal.png","contentUrl":"https:\/\/www.sorrenc.com\/wp-content\/uploads\/2020\/12\/Sorrenc-GMAIL-Firma-horitzontal.png","width":486,"height":125,"caption":"ARENISCAS MONISTROL, S.L."},"image":{"@id":"https:\/\/www.sorrenc.com\/es\/#\/schema\/logo\/image\/"},"sameAs":["http:\/\/www.sorrenc.com","https:\/\/x.com\/AreniscasM"]}]}},"_links":{"self":[{"href":"https:\/\/www.sorrenc.com\/es\/wp-json\/wp\/v2\/pages\/2473","targetHints":{"allow":["GET"]}}],"collection":[{"href":"https:\/\/www.sorrenc.com\/es\/wp-json\/wp\/v2\/pages"}],"about":[{"href":"https:\/\/www.sorrenc.com\/es\/wp-json\/wp\/v2\/types\/page"}],"author":[{"embeddable":true,"href":"https:\/\/www.sorrenc.com\/es\/wp-json\/wp\/v2\/users\/1"}],"replies":[{"embeddable":true,"href":"https:\/\/www.sorrenc.com\/es\/wp-json\/wp\/v2\/comments?post=2473"}],"version-history":[{"count":11,"href":"https:\/\/www.sorrenc.com\/es\/wp-json\/wp\/v2\/pages\/2473\/revisions"}],"predecessor-version":[{"id":2484,"href":"https:\/\/www.sorrenc.com\/es\/wp-json\/wp\/v2\/pages\/2473\/revisions\/2484"}],"wp:attachment":[{"href":"https:\/\/www.sorrenc.com\/es\/wp-json\/wp\/v2\/media?parent=2473"}],"curies":[{"name":"wp","href":"https:\/\/api.w.org\/{rel}","templated":true}]}}