{"id":2721,"date":"2021-05-06T16:27:04","date_gmt":"2021-05-06T15:27:04","guid":{"rendered":"http:\/\/www.sorrenc.com\/medio-ambiente\/"},"modified":"2021-05-06T16:27:04","modified_gmt":"2021-05-06T15:27:04","slug":"medio-ambiente","status":"publish","type":"page","link":"https:\/\/www.sorrenc.com\/es\/medio-ambiente\/","title":{"rendered":"Medio Ambiente"},"content":{"rendered":"<p><div class=\"fusion-fullwidth fullwidth-box fusion-builder-row-1 nonhundred-percent-fullwidth non-hundred-percent-height-scrolling\" style=\"--awb-background-position:left top;--awb-border-radius-top-left:0px;--awb-border-radius-top-right:0px;--awb-border-radius-bottom-right:0px;--awb-border-radius-bottom-left:0px;--awb-padding-top:0px;--awb-padding-bottom:50px;--awb-border-sizes-top:0px;--awb-border-sizes-bottom:0px;--awb-flex-wrap:wrap;\" ><div class=\"fusion-builder-row fusion-row\"><div class=\"fusion-layout-column fusion_builder_column fusion-builder-column-0 fusion_builder_column_1_2 1_2 fusion-one-half fusion-column-first\" style=\"--awb-bg-size:cover;width:50%;width:calc(50% - ( ( 4% ) * 0.5 ) );margin-right: 4%;\"><div class=\"fusion-column-wrapper fusion-flex-column-wrapper-legacy\"><div class=\"fusion-title title fusion-title-1 fusion-sep-none fusion-title-text fusion-title-size-one\"><h1 class=\"fusion-title-heading title-heading-left fusion-responsive-typography-calculated\" style=\"margin:0;--fontSize:48;line-height:1.33;\"><h2><strong>Medio ambiente y seguridad<\/strong><\/h2><\/h1><\/div><div class=\"fusion-sep-clear\"><\/div><div class=\"fusion-separator fusion-clearfix\" style=\"float:left;width:100%;max-width:170px;\"><div class=\"fusion-separator-border sep-single sep-solid\" style=\"--awb-height:20px;--awb-amount:20px;border-color:#e0dede;border-top-width:3px;\"><\/div><\/div><div class=\"fusion-sep-clear\"><\/div><div class=\"fusion-text fusion-text-1\"><p>Los trabajos en una cantera de piedra natural arenisca afectan en un cambio de la fisonom\u00eda y morfolog\u00eda del paisaje. Implica tambi\u00e9n perder el recubrimiento superficial, modificando la topograf\u00eda y la vegetaci\u00f3n dominante.<\/p>\n<\/div><div class=\"fusion-text fusion-text-2\"><p><strong>Aeniscas Monistrol, S.L.<\/strong> cumple todas las normativas existentes en nuestro pa\u00eds a nivel estatal y auton\u00f3mico. Dispone de un proyecto de restauraci\u00f3n donde se explica con detalle el plan de restauraci\u00f3n con las diferentes medidas correctoras y minimizadoras, las medidas de protecci\u00f3n del medio durante la actividad, la restauraci\u00f3n del medio durante la actividad y toda la restauraci\u00f3n integrada. Adem\u00e1s dispone de un proyecto de Plan de Autoprotecci\u00f3n de incendios forestales, \u00e9ste es obligado en las zonas donde el riesgo de incendio es elevado, seg\u00fan establece el Departamento de Medio Ambiente de la Generalidad de Catalu\u00f1a<\/p>\n<\/div><div class=\"fusion-clearfix\"><\/div><\/div><\/div><div class=\"fusion-layout-column fusion_builder_column fusion-builder-column-1 fusion_builder_column_1_2 1_2 fusion-one-half fusion-column-last\" style=\"--awb-bg-size:cover;width:50%;width:calc(50% - ( ( 4% ) * 0.5 ) );\"><div class=\"fusion-column-wrapper fusion-flex-column-wrapper-legacy\"><div class=\"fusion-image-element in-legacy-container\" style=\"--awb-caption-title-font-family:var(--h2_typography-font-family);--awb-caption-title-font-weight:var(--h2_typography-font-weight);--awb-caption-title-font-style:var(--h2_typography-font-style);--awb-caption-title-size:var(--h2_typography-font-size);--awb-caption-title-transform:var(--h2_typography-text-transform);--awb-caption-title-line-height:var(--h2_typography-line-height);--awb-caption-title-letter-spacing:var(--h2_typography-letter-spacing);\"><span class=\" fusion-imageframe imageframe-none imageframe-1 hover-type-none\"><img decoding=\"async\" width=\"690\" height=\"462\" title=\"mediamb1\" src=\"http:\/\/www.sorrenc.com\/wp-content\/uploads\/2015\/02\/mediamb1.jpg\" alt class=\"img-responsive wp-image-1071\" srcset=\"https:\/\/www.sorrenc.com\/wp-content\/uploads\/2015\/02\/mediamb1-200x134.jpg 200w, https:\/\/www.sorrenc.com\/wp-content\/uploads\/2015\/02\/mediamb1-400x268.jpg 400w, https:\/\/www.sorrenc.com\/wp-content\/uploads\/2015\/02\/mediamb1-600x402.jpg 600w, https:\/\/www.sorrenc.com\/wp-content\/uploads\/2015\/02\/mediamb1.jpg 690w\" sizes=\"(max-width: 800px) 100vw, 600px\" \/><\/span><\/div><div class=\"fusion-image-element in-legacy-container\" style=\"--awb-caption-title-font-family:var(--h2_typography-font-family);--awb-caption-title-font-weight:var(--h2_typography-font-weight);--awb-caption-title-font-style:var(--h2_typography-font-style);--awb-caption-title-size:var(--h2_typography-font-size);--awb-caption-title-transform:var(--h2_typography-text-transform);--awb-caption-title-line-height:var(--h2_typography-line-height);--awb-caption-title-letter-spacing:var(--h2_typography-letter-spacing);\"><span class=\" fusion-imageframe imageframe-none imageframe-2 hover-type-none\"><img decoding=\"async\" width=\"1920\" height=\"1080\" title=\"09052015-DSC04212\" src=\"http:\/\/www.sorrenc.com\/wp-content\/uploads\/2015\/02\/09052015-DSC04212-e1485452433906.jpg\" alt class=\"img-responsive wp-image-1067\"\/><\/span><\/div><div class=\"fusion-clearfix\"><\/div><\/div><\/div><\/div><\/div><div class=\"fusion-fullwidth fullwidth-box fusion-builder-row-2 nonhundred-percent-fullwidth non-hundred-percent-height-scrolling\" style=\"--awb-background-position:left top;--awb-border-radius-top-left:0px;--awb-border-radius-top-right:0px;--awb-border-radius-bottom-right:0px;--awb-border-radius-bottom-left:0px;--awb-padding-top:50px;--awb-border-sizes-top:0px;--awb-border-sizes-bottom:0px;--awb-flex-wrap:wrap;\" ><div class=\"fusion-builder-row fusion-row\"><div class=\"fusion-layout-column fusion_builder_column fusion-builder-column-2 fusion_builder_column_1_2 1_2 fusion-one-half fusion-column-first\" style=\"--awb-bg-size:cover;width:50%;width:calc(50% - ( ( 4% ) * 0.5 ) );margin-right: 4%;\"><div class=\"fusion-column-wrapper fusion-flex-column-wrapper-legacy\"><div class=\"fusion-image-element in-legacy-container\" style=\"--awb-caption-title-font-family:var(--h2_typography-font-family);--awb-caption-title-font-weight:var(--h2_typography-font-weight);--awb-caption-title-font-style:var(--h2_typography-font-style);--awb-caption-title-size:var(--h2_typography-font-size);--awb-caption-title-transform:var(--h2_typography-text-transform);--awb-caption-title-line-height:var(--h2_typography-line-height);--awb-caption-title-letter-spacing:var(--h2_typography-letter-spacing);\"><span class=\" fusion-imageframe imageframe-none imageframe-3 hover-type-none\"><img decoding=\"async\" width=\"809\" height=\"485\" title=\"mediamb4\" src=\"http:\/\/www.sorrenc.com\/wp-content\/uploads\/2015\/02\/mediamb4.jpg\" alt class=\"img-responsive wp-image-1075\" srcset=\"https:\/\/www.sorrenc.com\/wp-content\/uploads\/2015\/02\/mediamb4-200x120.jpg 200w, https:\/\/www.sorrenc.com\/wp-content\/uploads\/2015\/02\/mediamb4-400x240.jpg 400w, https:\/\/www.sorrenc.com\/wp-content\/uploads\/2015\/02\/mediamb4-600x360.jpg 600w, https:\/\/www.sorrenc.com\/wp-content\/uploads\/2015\/02\/mediamb4-800x480.jpg 800w, https:\/\/www.sorrenc.com\/wp-content\/uploads\/2015\/02\/mediamb4.jpg 809w\" sizes=\"(max-width: 800px) 100vw, 600px\" \/><\/span><\/div><div class=\"fusion-clearfix\"><\/div><\/div><\/div><div class=\"fusion-layout-column fusion_builder_column fusion-builder-column-3 fusion_builder_column_1_2 1_2 fusion-one-half fusion-column-last\" style=\"--awb-bg-size:cover;width:50%;width:calc(50% - ( ( 4% ) * 0.5 ) );\"><div class=\"fusion-column-wrapper fusion-flex-column-wrapper-legacy\"><div class=\"fusion-title title fusion-title-2 fusion-sep-none fusion-title-text fusion-title-size-one\"><h1 class=\"fusion-title-heading title-heading-left fusion-responsive-typography-calculated\" style=\"margin:0;--fontSize:48;line-height:1.33;\"><h2><strong>Qu\u00e9 hacemos nosotros para respetar el medio ambiente.<\/strong><\/h2><\/h1><\/div><div class=\"fusion-sep-clear\"><\/div><div class=\"fusion-separator fusion-clearfix\" style=\"float:left;width:100%;max-width:170px;\"><div class=\"fusion-separator-border sep-single sep-solid\" style=\"--awb-height:20px;--awb-amount:20px;border-color:#e0dede;border-top-width:3px;\"><\/div><\/div><div class=\"fusion-sep-clear\"><\/div><div class=\"fusion-text fusion-text-3\"><p>Para respetar el medio ambiente Areniscas Monistrol, S.L. s\u00f3lo sacamos o limpiamos la vegetaci\u00f3n aut\u00f3ctona en la zona de trabajo, no en toda la zona autorizada, as\u00ed se reduce el impacto visual y medioambiental. Tampoco se hacen trabajos ni vertidos de material en las zonas no autorizadas.<\/p>\n<\/div><div class=\"fusion-clearfix\"><\/div><\/div><\/div><\/div><\/div><div class=\"fusion-fullwidth fullwidth-box fusion-builder-row-3 nonhundred-percent-fullwidth non-hundred-percent-height-scrolling\" style=\"--awb-border-radius-top-left:0px;--awb-border-radius-top-right:0px;--awb-border-radius-bottom-right:0px;--awb-border-radius-bottom-left:0px;--awb-padding-top:20px;--awb-padding-bottom:20px;--awb-flex-wrap:wrap;\" ><div class=\"fusion-builder-row fusion-row\"><div class=\"fusion-layout-column fusion_builder_column fusion-builder-column-4 fusion_builder_column_1_1 1_1 fusion-one-full fusion-column-first fusion-column-last\" style=\"--awb-bg-size:cover;\"><div class=\"fusion-column-wrapper fusion-flex-column-wrapper-legacy\"><div class=\"fusion-text fusion-text-4\"><p>Para evitar el polvo en la atm\u00f3sfera, especialmente en \u00e9pocas de calor, se riegan los accesos y si hace falta tambi\u00e9n los frentes de trabajo las veces que sea necesario.<\/p>\n<p>Para no molestar a la poblaci\u00f3n m\u00e1s cercana se trabaja en horario diurno y de lunes a viernes.<\/p>\n<p>Para recoger el material de desecho disponemos de contenedores que mensualmente son recogidos por la empresa autorizada en la gesti\u00f3n de residuos.<\/p>\n<p>En nuestra cantera de piedra natural arenisca disponemos de un dep\u00f3sito de gasoil, este est\u00e1 debidamente homologado seg\u00fan la normativa vigente y la instalaci\u00f3n es la adecuada para garantizar que no haya fugas o vertidos no controlados en el terreno natural.<\/p>\n<p>El hecho de trabajar con maquinaria m\u00f3vil que funciona con gasoil y otros productos qu\u00edmicos se realiza un buen mantenimiento de la maquinaria para evitar contaminaci\u00f3n al medio natural. Dado el caso de que hubiera alg\u00fan vertido involuntario se descontaminar\u00e1 el lugar donde se haya provocado el vertido.<\/p>\n<p>Areniscas Monistrol, S.L. compra en una empresa externa agua para hacer funcionar la m\u00e1quina de hilo moldurera y el disco de corte. Los lodos residuales se vierten en un contenedor.<\/p>\n<\/div><div class=\"fusion-clearfix\"><\/div><\/div><\/div><\/div><\/div><\/p>\n","protected":false},"excerpt":{"rendered":"","protected":false},"author":1,"featured_media":0,"parent":0,"menu_order":0,"comment_status":"closed","ping_status":"closed","template":"","meta":{"footnotes":""},"class_list":["post-2721","page","type-page","status-publish","hentry"],"yoast_head":"<!-- This site is optimized with the Yoast SEO plugin v24.9 - https:\/\/yoast.com\/wordpress\/plugins\/seo\/ -->\n<title>Medio Ambiente - Sorrenc<\/title>\n<meta name=\"robots\" content=\"index, follow, max-snippet:-1, max-image-preview:large, max-video-preview:-1\" \/>\n<link rel=\"canonical\" href=\"https:\/\/www.sorrenc.com\/es\/medio-ambiente\/\" \/>\n<meta property=\"og:locale\" content=\"es_ES\" \/>\n<meta property=\"og:type\" content=\"article\" \/>\n<meta property=\"og:title\" content=\"Medio Ambiente - Sorrenc\" \/>\n<meta property=\"og:url\" content=\"https:\/\/www.sorrenc.com\/es\/medio-ambiente\/\" \/>\n<meta property=\"og:site_name\" content=\"Sorrenc\" \/>\n<meta property=\"article:publisher\" content=\"http:\/\/www.sorrenc.com\" \/>\n<meta name=\"twitter:card\" content=\"summary_large_image\" \/>\n<meta name=\"twitter:site\" content=\"@AreniscasM\" \/>\n<meta name=\"twitter:label1\" content=\"Tiempo de lectura\" \/>\n\t<meta name=\"twitter:data1\" content=\"5 minutos\" \/>\n<script type=\"application\/ld+json\" class=\"yoast-schema-graph\">{\"@context\":\"https:\/\/schema.org\",\"@graph\":[{\"@type\":\"WebPage\",\"@id\":\"https:\/\/www.sorrenc.com\/es\/medio-ambiente\/\",\"url\":\"https:\/\/www.sorrenc.com\/es\/medio-ambiente\/\",\"name\":\"Medio Ambiente - Sorrenc\",\"isPartOf\":{\"@id\":\"https:\/\/www.sorrenc.com\/es\/#website\"},\"datePublished\":\"2021-05-06T15:27:04+00:00\",\"breadcrumb\":{\"@id\":\"https:\/\/www.sorrenc.com\/es\/medio-ambiente\/#breadcrumb\"},\"inLanguage\":\"es\",\"potentialAction\":[{\"@type\":\"ReadAction\",\"target\":[\"https:\/\/www.sorrenc.com\/es\/medio-ambiente\/\"]}]},{\"@type\":\"BreadcrumbList\",\"@id\":\"https:\/\/www.sorrenc.com\/es\/medio-ambiente\/#breadcrumb\",\"itemListElement\":[{\"@type\":\"ListItem\",\"position\":1,\"name\":\"Inici\",\"item\":\"https:\/\/www.sorrenc.com\/es\/\"},{\"@type\":\"ListItem\",\"position\":2,\"name\":\"Medio Ambiente\"}]},{\"@type\":\"WebSite\",\"@id\":\"https:\/\/www.sorrenc.com\/es\/#website\",\"url\":\"https:\/\/www.sorrenc.com\/es\/\",\"name\":\"Sorrenc\",\"description\":\"Areniscas Monistrol\",\"publisher\":{\"@id\":\"https:\/\/www.sorrenc.com\/es\/#organization\"},\"potentialAction\":[{\"@type\":\"SearchAction\",\"target\":{\"@type\":\"EntryPoint\",\"urlTemplate\":\"https:\/\/www.sorrenc.com\/es\/?s={search_term_string}\"},\"query-input\":{\"@type\":\"PropertyValueSpecification\",\"valueRequired\":true,\"valueName\":\"search_term_string\"}}],\"inLanguage\":\"es\"},{\"@type\":\"Organization\",\"@id\":\"https:\/\/www.sorrenc.com\/es\/#organization\",\"name\":\"ARENISCAS MONISTROL, S.L.\",\"url\":\"https:\/\/www.sorrenc.com\/es\/\",\"logo\":{\"@type\":\"ImageObject\",\"inLanguage\":\"es\",\"@id\":\"https:\/\/www.sorrenc.com\/es\/#\/schema\/logo\/image\/\",\"url\":\"https:\/\/www.sorrenc.com\/wp-content\/uploads\/2020\/12\/Sorrenc-GMAIL-Firma-horitzontal.png\",\"contentUrl\":\"https:\/\/www.sorrenc.com\/wp-content\/uploads\/2020\/12\/Sorrenc-GMAIL-Firma-horitzontal.png\",\"width\":486,\"height\":125,\"caption\":\"ARENISCAS MONISTROL, S.L.\"},\"image\":{\"@id\":\"https:\/\/www.sorrenc.com\/es\/#\/schema\/logo\/image\/\"},\"sameAs\":[\"http:\/\/www.sorrenc.com\",\"https:\/\/x.com\/AreniscasM\"]}]}<\/script>\n<!-- \/ Yoast SEO plugin. -->","yoast_head_json":{"title":"Medio Ambiente - Sorrenc","robots":{"index":"index","follow":"follow","max-snippet":"max-snippet:-1","max-image-preview":"max-image-preview:large","max-video-preview":"max-video-preview:-1"},"canonical":"https:\/\/www.sorrenc.com\/es\/medio-ambiente\/","og_locale":"es_ES","og_type":"article","og_title":"Medio Ambiente - Sorrenc","og_url":"https:\/\/www.sorrenc.com\/es\/medio-ambiente\/","og_site_name":"Sorrenc","article_publisher":"http:\/\/www.sorrenc.com","twitter_card":"summary_large_image","twitter_site":"@AreniscasM","twitter_misc":{"Tiempo de lectura":"5 minutos"},"schema":{"@context":"https:\/\/schema.org","@graph":[{"@type":"WebPage","@id":"https:\/\/www.sorrenc.com\/es\/medio-ambiente\/","url":"https:\/\/www.sorrenc.com\/es\/medio-ambiente\/","name":"Medio Ambiente - Sorrenc","isPartOf":{"@id":"https:\/\/www.sorrenc.com\/es\/#website"},"datePublished":"2021-05-06T15:27:04+00:00","breadcrumb":{"@id":"https:\/\/www.sorrenc.com\/es\/medio-ambiente\/#breadcrumb"},"inLanguage":"es","potentialAction":[{"@type":"ReadAction","target":["https:\/\/www.sorrenc.com\/es\/medio-ambiente\/"]}]},{"@type":"BreadcrumbList","@id":"https:\/\/www.sorrenc.com\/es\/medio-ambiente\/#breadcrumb","itemListElement":[{"@type":"ListItem","position":1,"name":"Inici","item":"https:\/\/www.sorrenc.com\/es\/"},{"@type":"ListItem","position":2,"name":"Medio Ambiente"}]},{"@type":"WebSite","@id":"https:\/\/www.sorrenc.com\/es\/#website","url":"https:\/\/www.sorrenc.com\/es\/","name":"Sorrenc","description":"Areniscas Monistrol","publisher":{"@id":"https:\/\/www.sorrenc.com\/es\/#organization"},"potentialAction":[{"@type":"SearchAction","target":{"@type":"EntryPoint","urlTemplate":"https:\/\/www.sorrenc.com\/es\/?s={search_term_string}"},"query-input":{"@type":"PropertyValueSpecification","valueRequired":true,"valueName":"search_term_string"}}],"inLanguage":"es"},{"@type":"Organization","@id":"https:\/\/www.sorrenc.com\/es\/#organization","name":"ARENISCAS MONISTROL, S.L.","url":"https:\/\/www.sorrenc.com\/es\/","logo":{"@type":"ImageObject","inLanguage":"es","@id":"https:\/\/www.sorrenc.com\/es\/#\/schema\/logo\/image\/","url":"https:\/\/www.sorrenc.com\/wp-content\/uploads\/2020\/12\/Sorrenc-GMAIL-Firma-horitzontal.png","contentUrl":"https:\/\/www.sorrenc.com\/wp-content\/uploads\/2020\/12\/Sorrenc-GMAIL-Firma-horitzontal.png","width":486,"height":125,"caption":"ARENISCAS MONISTROL, S.L."},"image":{"@id":"https:\/\/www.sorrenc.com\/es\/#\/schema\/logo\/image\/"},"sameAs":["http:\/\/www.sorrenc.com","https:\/\/x.com\/AreniscasM"]}]}},"_links":{"self":[{"href":"https:\/\/www.sorrenc.com\/es\/wp-json\/wp\/v2\/pages\/2721","targetHints":{"allow":["GET"]}}],"collection":[{"href":"https:\/\/www.sorrenc.com\/es\/wp-json\/wp\/v2\/pages"}],"about":[{"href":"https:\/\/www.sorrenc.com\/es\/wp-json\/wp\/v2\/types\/page"}],"author":[{"embeddable":true,"href":"https:\/\/www.sorrenc.com\/es\/wp-json\/wp\/v2\/users\/1"}],"replies":[{"embeddable":true,"href":"https:\/\/www.sorrenc.com\/es\/wp-json\/wp\/v2\/comments?post=2721"}],"version-history":[{"count":2,"href":"https:\/\/www.sorrenc.com\/es\/wp-json\/wp\/v2\/pages\/2721\/revisions"}],"predecessor-version":[{"id":2723,"href":"https:\/\/www.sorrenc.com\/es\/wp-json\/wp\/v2\/pages\/2721\/revisions\/2723"}],"wp:attachment":[{"href":"https:\/\/www.sorrenc.com\/es\/wp-json\/wp\/v2\/media?parent=2721"}],"curies":[{"name":"wp","href":"https:\/\/api.w.org\/{rel}","templated":true}]}}